{"id":5904,"date":"2025-11-10T10:36:15","date_gmt":"2025-11-10T09:36:15","guid":{"rendered":"https:\/\/visitsandaniele.it\/wo-essen\/"},"modified":"2026-03-18T13:25:35","modified_gmt":"2026-03-18T12:25:35","slug":"wo-essen","status":"publish","type":"page","link":"https:\/\/visitsandaniele.it\/de\/wo-essen\/","title":{"rendered":"Wo essen"},"content":{"rendered":"<div class=\"wpb-content-wrapper\"><p>[vc_row wrap_container=&#8220;yes&#8220; css=&#8220;.vc_custom_1766574246501{margin-right: 16px !important;margin-bottom: 4.5rem !important;margin-left: 16px !important;padding-top: 2.85rem !important;padding-right: 0px !important;padding-left: 0px !important;border-radius: 10px !important;}&#8220; conditional_render=&#8220;%5B%7B%22value_role%22%3A%22administrator%22%7D%5D&#8220; css_params=&#8220;&#8220; el_class=&#8220;overflow-hidden&#8220;][vc_column css=&#8220;.vc_custom_1736705149819{padding-right: 0px !important;padding-left: 0px !important;}&#8220; conditional_render=&#8220;%5B%7B%22value_role%22%3A%22administrator%22%7D%5D&#8220; css_params=&#8220;&#8220;][vc_custom_heading text=&#8220;Hier ist der Prosciutto di San Daniele mehr als nur ein Produkt&#8220; font_container=&#8220;tag:h3|text_align:left&#8220; use_theme_fonts=&#8220;yes&#8220; animation_delay=&#8220;200&#8243; css=&#8220;.vc_custom_1770834548832{margin-top: 52px !important;margin-bottom: 27px !important;}&#8220; animation_type=&#8220;fadeInUp&#8220; css_params=&#8220;{&#8222;css_margin_top_md&#8222;:&#8222;45px&#8222;}&#8220; custom_css_response=&#8220;@media(max-width:767px){.vc_custom_1770834548832{margin-top:45px!important;}}&#8220;][vc_separator color=&#8220;custom&#8220; align=&#8220;align_left&#8220; border_width=&#8220;3&#8243; css_animation=&#8220;fadeInUp&#8220; type=&#8220;small&#8220; gap=&#8220;short&#8220; accent_color=&#8220;var(&#8211;porto-primary-color)&#8220;][vc_custom_heading text=&#8220;Der Prosciutto di San Daniele ist gelebte Kultur \u2013 vom sorgf\u00e4ltigen Herstellungsprozess bis zum liebevollen Servieren. Ihn hier zu genie\u00dfen bedeutet, seinen authentischsten Charakter genau dort zu erleben, wo er entsteht. &#8220; font_container=&#8220;tag:p|text_align:left&#8220; use_theme_fonts=&#8220;yes&#8220; animation_delay=&#8220;600&#8243; css=&#8220;.vc_custom_1770834640453{margin-bottom: 4px !important;}&#8220; animation_type=&#8220;fadeInUp&#8220; css_params=&#8220;&#8220;][vc_custom_heading text=&#8220;In San Daniele del Friuli ist der Schinken der Protagonist geselliger Momente und gastronomischer Erlebnisse. Genie\u00dfen Sie ihn bei einem Aperitif in Lokalen und Weinbars, begleitet von duftenden Grissini und einem Glas Friauler Wein. Oder in den Schinkengesch\u00e4ften der Stadt, wo Sie Prosciutto zusammen mit lokalem K\u00e4se und typischen Spezialit\u00e4ten genie\u00dfen k\u00f6nnen. In den Restaurants der Region wird Prosciutto di San Daniele mit den saisonalen Spezialit\u00e4ten der friaulischen K\u00fcche kombiniert \u2013 ein Erlebnis voller autochthoner Aromen und Zutaten.   &#8220; font_container=&#8220;tag:p|text_align:left&#8220; use_theme_fonts=&#8220;yes&#8220; animation_delay=&#8220;600&#8243; css=&#8220;.vc_custom_1770834589698{margin-bottom: 4px !important;}&#8220; animation_type=&#8220;fadeInUp&#8220; css_params=&#8220;&#8220;][\/vc_column][\/vc_row][vc_row el_id=&#8220;overview-alloggi&#8220; conditional_render=&#8220;%5B%7B%22value_role%22%3A%22administrator%22%7D%5D&#8220; css_params=&#8220;&#8220;][vc_column][vc_column_text css=&#8220;&#8220; css_params=&#8220;&#8220;]    <div id=\"sDfiltro\" data-id-form=\"sDfiltro-sd-locale\" class=\" mb-5 sd-filter-collection\" style=\"box-shadow:0px 5px 20px 0px #0000001a;border-radius:2rem;\">\n        <div class=\"container-fluid\">\n            <div class=\"row d-flex justify-content-center align-items-center\" >\n                <!--primer filtro TERM 1-->\n                                    <div class=\"col-md-4 \">\n                        \n                        <div class=\"form-group mb-0 mt-2 mt-md-0 mx-2\" style=\"flex-basis: 0;flex-grow: 1;\">\n                            <!-- trigger mobile filtro 1-->\n                            <button \n                                type=\"button\"\n                                class=\"sd-filter-toggle mb-3 mb-md-0\"\n                                data-target=\"filter-tipo-locale\">\n                                <span>Alle R\u00e4umlichkeiten<\/span><i class=\"fa-solid fa-bars\"><\/i>\n                            <\/button>\n                            <!-- \/trigger mobile filtro 1-->\n                            <ul class=\"sd-terms-list sd-terms-list-collection py-1\" id=\"filter-tipo-locale\" data-taxonomy1=\"locale_sd\">\n                                <li class=\"sd-term-item-1 sd-term-item active\" data-value=\"\">Alle R\u00e4umlichkeiten...<\/li>\n                                                                    <li class=\"sd-term-item-1 sd-term-item\" data-value=\"382\">\n                                        Restaurant                                    <\/li>\n                                                            <\/ul>\n\n                        <\/div>\n                                            \n                    <\/div>\n                 \n                <!--segundo filtro TERM 2-->\n                                    <div class=\"col-md-4 \">\n                        \n                        <div class=\"form-group mb-0 mt-2 mt-md-0 mx-2 sd-second-filter\" style=\"flex-basis: 0;flex-grow: 1;\">\n                             <!-- trigger mobile filtro 2-->\n                            <button \n                                type=\"button\"\n                                class=\"sd-filter-toggle \"\n                                data-target=\"filter-zona\">\n                                All areas<i class=\"fa-solid fa-bars\"><\/i>\n                            <\/button>\n                            <!-- \/trigger mobile filtro 2-->\n                            <ul class=\"sd-terms-list sd-terms-list-collection py-1\" id=\"filter-zona\" data-taxonomy2=\"zona_sd\">\n                                <li class=\"sd-term-item-1 sd-term-item active\" data-value=\"\">All areas...<\/li>\n                                                                    <li class=\"sd-term-item-1 sd-term-item\" data-value=\"394\">\n                                        Stadtzentrum                                    <\/li>\n                                                            <\/ul>\n\n                        <\/div>\n                                            \n                    <\/div>\n                 \n                <!--order asc\/desc -->                   \n                <div class=\"col-6 col-md-auto mb-2 mb-md-0\">\n                        <div class=\"form-group orderby-field mb-0 mt-2 mt-md-0 pt-2 mx-2 sd-togglebuttons text-center\">\n                            <span class=\"sd-radio-item first\">            \n                                <label class=\"custom-radio\">\n\n                                    <input type=\"radio\" name=\"order_filter\"  value=\"ASC\"   data-orderby=\"ASC\"  checked\/> \n                                    <span class=\"sd-list-item-label\"><svg class=\"sd-order-arrows\" xmlns=\"http:\/\/www.w3.org\/2000\/svg\" viewBox=\"0 0 640 640\"><!--!Font Awesome Free v7.1.0 by @fontawesome - https:\/\/fontawesome.com License - https:\/\/fontawesome.com\/license\/free Copyright 2026 Fonticons, Inc.--><path d=\"M342.6 41.4C330.1 28.9 309.8 28.9 297.3 41.4L169.3 169.4C156.8 181.9 156.8 202.2 169.3 214.7C181.8 227.2 202.1 227.2 214.6 214.7L288 141.3L288 576C288 593.7 302.3 608 320 608C337.7 608 352 593.7 352 576L352 141.3L425.4 214.7C437.9 227.2 458.2 227.2 470.7 214.7C483.2 202.2 483.2 181.9 470.7 169.4L342.7 41.4z\"\/><\/svg><\/span>\n\n                                <\/label>\n                            <\/span>\n                            <span class=\"sd-radio-item last\">             \n                                <label class=\"custom-radio\">\n\n                                    <input type=\"radio\" name=\"order_filter\"  value=\"DESC\" data-orderby=\"DESC\" \/> \n                                     <span class=\"sd-list-item-label\"><svg class=\"sd-order-arrows\" xmlns=\"http:\/\/www.w3.org\/2000\/svg\" viewBox=\"0 0 640 640\"><!--!Font Awesome Free v7.1.0 by @fontawesome - https:\/\/fontawesome.com License - https:\/\/fontawesome.com\/license\/free Copyright 2026 Fonticons, Inc.--><path d=\"M297.4 598.6C309.9 611.1 330.2 611.1 342.7 598.6L470.7 470.6C483.2 458.1 483.2 437.8 470.7 425.3C458.2 412.8 437.9 412.8 425.4 425.3L352 498.7L352 64C352 46.3 337.7 32 320 32C302.3 32 288 46.3 288 64L288 498.7L214.6 425.3C202.1 412.8 181.8 412.8 169.3 425.3C156.8 437.8 156.8 458.1 169.3 470.6L297.3 598.6z\"\/><\/svg><\/span>\n\n                                <\/label>\n                            <\/span>\n                        <\/div>\n                    <\/div>\n                <div class=\"col-6 col-md-auto\">\n                    <button type=\"button\" id=\"clear-filters\" class=\"btn btn-outline-secondary\">\n                        Klare Filter                    <\/button> \n                   \n                    <!-- ANTES LOS IDS Y los NAME eran: \"tax\", \"tax2\" TODO:  --> \n                    <input type=\"hidden\" id=\"tax1\" name=\"tax1\" value=\"locale_sd\">\n                    <input type=\"hidden\" id=\"tax2\" name=\"tax2\" value=\"zona_sd\">\n                    <input type=\"hidden\" id=\"term_taxonomy1\" name=\"term_taxonomy1\" value=\"\">\n                    <input type=\"hidden\" id=\"term_taxonomy2\" name=\"term_taxonomy2\" value=\"\">\n                     <!--todo lo referente a $filter_values NO FUNCIONA TODAVIA -->                    \n                    <input type=\"hidden\" id=\"cpt\" name=\"cpt\" value=\"sd-locale\">\n                    <input type=\"hidden\" id=\"current_page\" name=\"current_page\" value=\"1\">\n                    <input type=\"hidden\" id=\"per_page\" name=\"per_page\" value=\"3\">\n                    \n                <\/div>  \n            <\/div>\n        <\/div>\n    <\/div>\n\n<div class=\"sd-container-filter sd-container-filterByTaxonomy porto-posts-grid porto-posts-grid-75121fa532f6c490d02770d2b728412e  wpb_custom_07413601b9a6cec683b963f71585721d porto-ajax-load load-infinite porto-portfoliosgep4\">\n            <div class=\"bounce-loader\">\n                <div class=\"bounce1\"><\/div>\n                <div class=\"bounce2\"><\/div>\n                <div class=\"bounce3\"><\/div>\n            <\/div>\n        <div id=\"porfolioAjaxBox\" class=\"ajax-box ajax-box-init\">\n           \n           \n                    <!--PARA CERRAR EL AJAX DE PORTO-->\n            \n            <div id=\"luogo-ajax-container\" class=\"sd-ajax-luogo-overlay\" style=\"display:none;\">\n                <div class=\"sd-ajax-luogo-overlay-inner\">\n                    <button class=\"luogo-close\">&times;<\/button>\n                    <div class=\"luogo-ajax-content\"><\/div>\n                <\/div>\n            <\/div>\n\n        <\/div>\n\n        <div id=\"ajax-results\" class=\"posts-wrap portfolios-container has-ccols ccols-md-2 ccols-lg-3 ccols-1 has-ccols-spacing\" data-sort-id=\"sd-locale\">\n        <!-- Aqu\u00ed se inyectar\u00e1n los posts -->\n                             <div class=\"sd-collection-item porto-tb-item   post-6041 sd-locale  status-publish has-post-thumbnail hentry  has-pb-edit\" data-bs-original-title=\"\" title=\"Tavernaccia\"\n                        >\n                        <div class=\"porto-section cs-portfolio-2 position-relative meta-absolute porto-gb-283a3010ab7413976c0cab09150dbc70 fadeInUp animated\">\n                            <div class=\"porto-tb-featured-image tb-image-type-default porto-img-zoom mb-3 porto-gb-a37fc651c69fd6e19d060a70a3e436dd\" data-title=\"Tavernaccia\">\n                                <div class=\"img-thumbnail\">\n                                    <img width=\"344\" src=\"https:\/\/visitsandaniele.it\/wp-content\/uploads\/2026\/03\/171-Dove-mangiare-Prosciutto-San-Daniele.jpg\" class=\"img-responsive \" alt=\"\" decoding=\"async\" loading=\"lazy\">\n                                <\/div>\n                                <div class=\"tb-hover-content\">\n                                   \n                                <\/div>\n                            <\/div>\n\n                            <div class=\"porto-section porto-gb-1e6f8980c2c385fb52e2f9aaea8088e9 sd-section-info\">\n                                <span class=\"porto-tb-meta tb-meta-portfolio_cat mb-1 d-block porto-gb-ac01f3776a939f9cfa7fc3cd16ec9cdb d-none\"><\/span>\n                                <h3 class=\"porto-heading mb-2 porto-gb-5785bf447b474405b9742d67027e5cec post-title\" >\n                                    <a aria-label=\"Post Title\" href=\"#\"  data-href=\"https:\/\/visitsandaniele.it\/de\/sd-locale\/tavernaccia\/\" data-ajax-on-page >Tavernaccia<\/a>\n                                <\/h3>\n                                                                        \n                                             <div class=\" flex-container align-items-center justify-content-start \">\n                <a aria-label=\"button\" class=\" porto-gb-5258a54ecd305266b1a93e840aa7dcac sd-feature\" \n                   href=\"#\"\n                    data-href=\"https:\/\/visitsandaniele.it\/de\/sd-locale\/tavernaccia\/\" data-ajax-on-page                                                              >\n                    <span>Details anzeigen<\/span>\n                <\/a>\n                <a aria-label=\"button\" class=\"btn btn-md btn-light btn-icon btn-icon-only porto-gb-ec8dc805096a759011c458c54689577b\" href=\"#\"\n                    data-href=\"https:\/\/visitsandaniele.it\/de\/sd-locale\/tavernaccia\/\" data-ajax-on-page                                                              \n                    style=\"\n                        width: 3.125rem;\n                        height: 3.125rem;\n                        margin-left: 2.25rem;\n                        line-height: 3.125rem;\n                        border-radius: 50%;\n                        box-shadow: 0 12px 45px rgba(0, 0, 0, 0.08);\n                        text-align: center;\n                        font-size: 1.125rem;\n                    \">\n                    <i class=\"fa-solid fa-arrow-right\"><\/i><span><\/span>\n                <\/a>\n            <\/div>\n        \n                                 \n                            <\/div>\n                            <div class=\" d-inline-block sd-custom-icon sd-featured-svg appear-animation fadeInUp appear-animation-visible\" \n                                data-appear-animation-delay=\"200\"\n                                style=\"position:absolute;top:2rem;left:1.5rem;z-index:222;width:60px;height:60px; animation-delay: 200ms;background-color:var(--porto-secondary-color);border-radius:50%;padding:5px\">\n                                    <?xml version=\"1.0\" encoding=\"UTF-8\"?>\n<svg id=\"Livello_1\" data-name=\"Livello 1\" xmlns=\"http:\/\/www.w3.org\/2000\/svg\" viewBox=\"0 0 141.73 141.73\" class=\"sd-general-icon\">\n  <defs>\n    <style>\n      .cls-1 {\n        fill: #010101;\n      }\n\n      .cls-2 {\n        fill: #1d1d1b;\n      }\n    <\/style>\n  <\/defs>\n  <path class=\"cls-1\" d=\"M104.44,110.46H37.25c-.83,0-1.5-.67-1.5-1.5v-3.48c0-.83.67-1.5,1.5-1.5s1.5.67,1.5,1.5v1.98h64.31l.45-5.41H37.44c-.27,0-.54-.08-.78-.22l-19.72-11.92c-.58-.35-.85-1.04-.67-1.69.18-.65.77-1.1,1.45-1.1h106.3c.7,0,1.31.49,1.46,1.18.15.69-.2,1.39-.84,1.68l-16.2,7.48c-.76.35-1.64.02-1.99-.73-.35-.75-.02-1.64.73-1.99l10-4.62H23.1l14.76,8.92h67.28c.42,0,.82.18,1.1.48s.43.72.39,1.14l-.7,8.41c-.07.78-.71,1.38-1.5,1.38Z\"\/>\n  <path class=\"cls-1\" d=\"M118,90.13c-.49,0-.97-.24-1.26-.68-3.12-4.81-9.36-7.3-19.78-10.21-4.59-1.29-6.56-3.73-8.3-5.88-2.12-2.63-3.96-4.91-11.01-4.91-12.35,0-20.2,20.5-20.27,20.71-.29.78-1.16,1.16-1.93.88-.78-.29-1.17-1.16-.88-1.93.35-.92,8.66-22.65,23.08-22.65,8.49,0,10.96,3.06,13.35,6.02,1.6,1.98,3.1,3.85,6.77,4.87,9.38,2.63,17.48,5.3,21.49,11.47.45.69.25,1.62-.44,2.08-.25.16-.54.24-.82.24Z\"\/>\n  <path class=\"cls-1\" d=\"M62.79,90.13c-.23,0-.47-.05-.69-.17-.74-.38-1.03-1.28-.65-2.02,2.86-5.55,8.97-14.87,17.67-14.87,7.26,0,9.47,2.74,11.42,5.16,1.38,1.71,2.57,3.18,5.58,4.02,5.57,1.56,9.97,3.02,13.31,5.1.7.44.92,1.36.48,2.07-.44.7-1.36.92-2.07.48-3.04-1.89-7.21-3.27-12.53-4.76-3.94-1.1-5.62-3.19-7.11-5.03-1.82-2.26-3.26-4.04-9.08-4.04-7.11,0-12.45,8.3-15,13.25-.27.52-.79.81-1.33.81Z\"\/>\n  <path class=\"cls-1\" d=\"M90.95,90.13c-.26,0-.51-.07-.75-.2-1.57-.91-2.5-2.06-3.32-3.07-1.4-1.74-2.51-3.11-7.01-3.11-3.02,0-6,1.94-8.85,5.78-.5.67-1.43.8-2.1.31-.67-.49-.8-1.43-.31-2.1,3.45-4.64,7.24-6.99,11.26-6.99,5.93,0,7.75,2.25,9.35,4.23.75.93,1.4,1.73,2.49,2.37.72.42.96,1.33.54,2.05-.28.48-.78.75-1.3.75Z\"\/>\n  <path class=\"cls-1\" d=\"M21.01,90.13c-.83,0-1.5-.67-1.5-1.5,0-8.48,5.35-16.43,14.3-21.28,8.84-4.78,22.88-6.88,35.78,1.56.69.45.89,1.38.43,2.08-.45.69-1.38.89-2.08.43-11.8-7.72-24.64-5.8-32.71-1.43-7.97,4.31-12.73,11.28-12.73,18.64,0,.83-.67,1.5-1.5,1.5Z\"\/>\n  <path class=\"cls-1\" d=\"M28.12,90.13c-.83,0-1.5-.67-1.5-1.5,0-6.5,4.08-12.58,10.92-16.28,8.57-4.64,19-4.18,27.2,1.19.69.45.89,1.38.43,2.08-.45.69-1.38.89-2.08.43-8.7-5.69-18.17-4.28-24.13-1.06-5.85,3.16-9.34,8.26-9.34,13.64,0,.83-.67,1.5-1.5,1.5Z\"\/>\n  <path class=\"cls-1\" d=\"M34.75,90.17c-.1,0-.2,0-.3-.03-.81-.16-1.34-.95-1.18-1.76.91-4.58,4.44-8.74,9.43-11.13,6.01-2.88,13.11-2.77,19,.29.74.38,1.02,1.29.64,2.02-.38.74-1.29,1.02-2.02.64-5.06-2.63-11.16-2.72-16.32-.25-4.15,1.99-7.06,5.36-7.79,9.01-.14.71-.77,1.21-1.47,1.21Z\"\/>\n  <path class=\"cls-1\" d=\"M41.25,90.13c-.34,0-.68-.11-.96-.35-.64-.53-.72-1.48-.19-2.11,4.31-5.15,11.3-7.39,18.7-5.99.81.15,1.35.94,1.2,1.75-.15.81-.94,1.35-1.75,1.2-6.41-1.21-12.18.6-15.84,4.97-.3.35-.72.54-1.15.54Z\"\/>\n  <path class=\"cls-1\" d=\"M93.08,77.26c-.66,0-1.27-.44-1.45-1.12-4.03-15.18-5.27-27.53-3.67-36.7.26-1.47,1.03-5.93,4.13-6.12,3.17-.2,5.54,4.63,6.32,7.2.24.79-.21,1.63-1,1.87-.79.24-1.63-.21-1.87-1-.96-3.17-2.74-5.08-3.27-5.08h0s-.8.42-1.36,3.64c-1.52,8.74-.31,20.66,3.61,35.42.21.8-.26,1.62-1.07,1.83-.13.03-.26.05-.39.05Z\"\/>\n  <path class=\"cls-1\" d=\"M96.83,78.15c-.66,0-1.27-.44-1.45-1.12-4.13-15.54-5.32-27.01-3.73-36.08.77-4.44,1.46-6.57,3.26-6.68,1.9-.11,2.63,2.19,3.79,6.02l.07.23c.24.79-.21,1.63-1,1.87-.79.24-1.63-.21-1.87-1l-.07-.23c-.21-.68-.46-1.51-.71-2.26-.15.63-.33,1.47-.52,2.57-1.5,8.63-.33,19.69,3.68,34.8.21.8-.26,1.62-1.07,1.83-.13.03-.26.05-.39.05Z\"\/>\n  <path class=\"cls-1\" d=\"M100.13,79.29c-.66,0-1.27-.44-1.45-1.12-3.77-14.18-4.76-25.89-3.03-35.79,1.16-6.64,3.47-8.16,5.21-8.27,2.01-.12,3.74,1.59,4.65,4.58.24.79-.21,1.63-1,1.87-.79.24-1.63-.21-1.87-1-.57-1.87-1.36-2.46-1.59-2.46,0,0,0,0,0,0-.31.02-1.62,1.06-2.44,5.79-1.65,9.46-.67,20.75,2.98,34.5.21.8-.26,1.62-1.07,1.83-.13.03-.26.05-.39.05Z\"\/>\n  <path class=\"cls-1\" d=\"M103.88,80.18c-.66,0-1.27-.44-1.45-1.12-4.1-15.44-5.28-26.86-3.69-35.94,1.13-6.5,1.92-8.31,3.64-8.42,1.72-.12,2.5,1.87,3.29,4.47.24.79-.21,1.63-1,1.87-.79.24-1.63-.21-1.87-1-.08-.26-.15-.5-.22-.71-.24.93-.53,2.3-.88,4.3-1.5,8.63-.35,19.64,3.64,34.65.21.8-.26,1.62-1.07,1.83-.13.03-.26.05-.39.05Z\"\/>\n  <path class=\"cls-1\" d=\"M108.27,82.65c-.66,0-1.27-.44-1.45-1.12-3.76-14.17-5.5-34.42-3.79-44.23.67-3.87,2.13-5.9,4.32-6.04,3.19-.2,5.99,4.19,6.95,7.37.24.79-.21,1.63-1,1.87-.8.24-1.63-.21-1.87-1-.89-2.94-2.96-5.25-3.87-5.25-.01,0-.02,0-.03,0-.26.02-1.05.69-1.55,3.56-1.47,8.42-.32,27.69,3.73,42.94.21.8-.26,1.62-1.07,1.83-.13.03-.26.05-.39.05Z\"\/>\n  <path class=\"cls-1\" d=\"M112.02,83.55c-.66,0-1.27-.44-1.45-1.12-3.81-14.36-5.54-33.92-3.86-43.61.71-4.08,1.5-6.47,3.4-6.58,2.04-.11,2.99,2.46,4.19,6.41.24.79-.21,1.63-1,1.87-.8.24-1.63-.21-1.87-1-.46-1.53-.82-2.55-1.09-3.23-.19.65-.42,1.62-.67,3.05-1.62,9.33.08,28.31,3.8,42.32.21.8-.26,1.62-1.07,1.83-.13.03-.26.05-.39.05Z\"\/>\n  <path class=\"cls-1\" d=\"M107.87,46.62c-.55,0-1.07-.3-1.34-.82-.38-.74-.08-1.64.66-2.02,1.65-.83,3.1-2.05,4.31-3.29-.83.35-1.71.7-2.63,1.03-.78.28-1.64-.13-1.91-.92-.28-.78.13-1.64.92-1.91,4.35-1.54,7.91-3.73,7.94-3.75.58-.36,1.33-.28,1.82.18.5.47.61,1.21.29,1.81-.15.27-3.68,6.64-9.37,9.53-.22.11-.45.16-.68.16Z\"\/>\n  <path class=\"cls-1\" d=\"M101.33,43.37c-.3,0-.59,0-.89-.01-.83-.03-1.48-.72-1.45-1.55.03-.81.69-1.45,1.5-1.45.02,0,.03,0,.05,0,1.04.03,2.13,0,3.16-.13.84-.1,1.57.48,1.67,1.3.1.82-.48,1.57-1.3,1.67-.89.11-1.81.17-2.73.17Z\"\/>\n  <path class=\"cls-1\" d=\"M97.33,43.09c-.07,0-.14,0-.2-.01-1.37-.19-2.77-.46-4.29-.84-.8-.2-1.29-1.02-1.09-1.82.2-.8,1.02-1.29,1.82-1.09,1.42.36,2.71.61,3.97.78.82.11,1.4.87,1.28,1.69-.1.75-.75,1.3-1.48,1.3Z\"\/>\n  <path class=\"cls-1\" d=\"M28.11,47.13c-.78,0-1.43-.6-1.49-1.38-.06-.83.55-1.55,1.38-1.61l52.57-4.05c.24-.02.48.02.7.11.03.01,2.51,1.06,6.14,2.12l.1-1.66c-2.62-.82-4.89-1.51-6.83-1.51l-50.62.82c-.85,0-1.51-.65-1.52-1.48-.01-.83.65-1.51,1.48-1.52l50.65-.82c2.51,0,5.1.81,8.1,1.76l.78.24c.66.21,1.09.84,1.05,1.53l-.29,4.67c-.03.45-.25.86-.62,1.12-.36.26-.83.35-1.26.24-3.98-1.05-6.98-2.21-7.97-2.61l-52.21,4.02s-.08,0-.12,0Z\"\/>\n  <path class=\"cls-1\" d=\"M96.68,47.29c-.06,0-.12,0-.18-.01-1.24-.15-2.15-.33-3.21-.55l-.7-.14c-.81-.16-1.34-.95-1.18-1.76.16-.81.96-1.34,1.76-1.18l.71.14c.99.2,1.85.38,2.96.51.82.1,1.41.84,1.32,1.66-.09.76-.74,1.33-1.49,1.33Z\"\/>\n  <path class=\"cls-1\" d=\"M101.33,47.58c-.52,0-1.04-.01-1.55-.03-.83-.03-1.47-.73-1.44-1.56.03-.83.73-1.48,1.56-1.44,1.26.05,2.53.04,3.72-.17.81-.14,1.59.4,1.74,1.22.14.82-.4,1.59-1.22,1.74-.91.16-1.85.24-2.81.24Z\"\/>\n  <path class=\"cls-2\" d=\"M22.03,46.75c-1.16,0-2.25-.44-3.09-1.25-.85-.83-1.33-1.93-1.35-3.12-.05-2.85,2.24-5.22,5.09-5.26l3.32-.06c2-.03,3.97-.07,4.7-.08h.02c.82,0,1.49.66,1.5,1.48,0,.83-.66,1.51-1.48,1.52-.73,0-2.69.04-4.68.08l-3.32.06c-1.2.02-2.16,1.01-2.14,2.22.01.8.66,1.39,1.47,1.42.23,0,.44-.1.6-.26.16-.17.24-.38.24-.61-.01-.83.65-1.51,1.48-1.52h.03c.82,0,1.49.66,1.5,1.48.02,1.03-.37,2-1.08,2.74s-1.68,1.16-2.71,1.17h-.07Z\"\/>\n<\/svg>                            <\/div>\n                            \n                        <\/div>\n                    <\/div>\n                        <\/div>\n    <div class=\"clearfix\"><\/div>\n    <div id=\"ajax-pagination\" class=\"text-center mt-4\">\n            <\/div>\n    \n<\/div>\n\n[\/vc_column_text][\/vc_column][\/vc_row]<\/p>\n<\/div>","protected":false},"excerpt":{"rendered":"<p>[vc_row wrap_container=&#8220;yes&#8220; css=&#8220;.vc_custom_1766574246501{margin-right: 16px !important;margin-bottom: 4.5rem !important;margin-left: 16px !important;padding-top: 2.85rem !important;padding-right: 0px !important;padding-left: 0px !important;border-radius: 10px !important;}&#8220; conditional_render=&#8220;%5B%7B%22value_role%22%3A%22administrator%22%7D%5D&#8220; css_params=&#8220;&#8220; el_class=&#8220;overflow-hidden&#8220;][vc_column css=&#8220;.vc_custom_1736705149819{padding-right: 0px !important;padding-left: 0px !important;}&#8220; conditional_render=&#8220;%5B%7B%22value_role%22%3A%22administrator%22%7D%5D&#8220; css_params=&#8220;&#8220;][vc_custom_heading text=&#8220;Hier ist der Prosciutto di San Daniele mehr als nur ein Produkt&#8220; font_container=&#8220;tag:h3|text_align:left&#8220; use_theme_fonts=&#8220;yes&#8220; animation_delay=&#8220;200&#8243; css=&#8220;.vc_custom_1770834548832{margin-top: 52px !important;margin-bottom: 27px !important;}&#8220; animation_type=&#8220;fadeInUp&#8220; css_params=&#8220;{&#8222;css_margin_top_md&#8222;:&#8222;45px&#8222;}&#8220; custom_css_response=&#8220;@media(max-width:767px){.vc_custom_1770834548832{margin-top:45px!important;}}&#8220;][vc_separator color=&#8220;custom&#8220; align=&#8220;align_left&#8220; border_width=&#8220;3&#8243; css_animation=&#8220;fadeInUp&#8220; type=&#8220;small&#8220; [&hellip;]<\/p>\n","protected":false},"author":1,"featured_media":5903,"parent":0,"menu_order":0,"comment_status":"closed","ping_status":"closed","template":"","meta":{"footnotes":""},"class_list":["post-5904","page","type-page","status-publish","has-post-thumbnail","hentry"],"_links":{"self":[{"href":"https:\/\/visitsandaniele.it\/de\/wp-json\/wp\/v2\/pages\/5904","targetHints":{"allow":["GET"]}}],"collection":[{"href":"https:\/\/visitsandaniele.it\/de\/wp-json\/wp\/v2\/pages"}],"about":[{"href":"https:\/\/visitsandaniele.it\/de\/wp-json\/wp\/v2\/types\/page"}],"author":[{"embeddable":true,"href":"https:\/\/visitsandaniele.it\/de\/wp-json\/wp\/v2\/users\/1"}],"replies":[{"embeddable":true,"href":"https:\/\/visitsandaniele.it\/de\/wp-json\/wp\/v2\/comments?post=5904"}],"version-history":[{"count":0,"href":"https:\/\/visitsandaniele.it\/de\/wp-json\/wp\/v2\/pages\/5904\/revisions"}],"wp:featuredmedia":[{"embeddable":true,"href":"https:\/\/visitsandaniele.it\/de\/wp-json\/wp\/v2\/media\/5903"}],"wp:attachment":[{"href":"https:\/\/visitsandaniele.it\/de\/wp-json\/wp\/v2\/media?parent=5904"}],"curies":[{"name":"wp","href":"https:\/\/api.w.org\/{rel}","templated":true}]}}