{"id":5906,"date":"2025-11-10T10:36:15","date_gmt":"2025-11-10T09:36:15","guid":{"rendered":"https:\/\/visitsandaniele.it\/wo-kaufen\/"},"modified":"2026-03-20T12:12:00","modified_gmt":"2026-03-20T11:12:00","slug":"wo-kaufen","status":"publish","type":"page","link":"https:\/\/visitsandaniele.it\/de\/wo-kaufen\/","title":{"rendered":"Wo kaufen"},"content":{"rendered":"<div class=\"wpb-content-wrapper\"><p>[vc_row wrap_container=&#8220;yes&#8220; css=&#8220;.vc_custom_1766574246501{margin-right: 16px !important;margin-bottom: 4.5rem !important;margin-left: 16px !important;padding-top: 2.85rem !important;padding-right: 0px !important;padding-left: 0px !important;border-radius: 10px !important;}&#8220; conditional_render=&#8220;%5B%7B%22value_role%22%3A%22administrator%22%7D%5D&#8220; css_params=&#8220;&#8220; el_class=&#8220;overflow-hidden&#8220;][vc_column css=&#8220;.vc_custom_1736705149819{padding-right: 0px !important;padding-left: 0px !important;}&#8220; conditional_render=&#8220;%5B%7B%22value_role%22%3A%22administrator%22%7D%5D&#8220; css_params=&#8220;&#8220;][vc_custom_heading text=&#8220;In San Daniele ist jeder Einkauf eine Begegnung mit den Aromen und Traditionen der Region.&#8220; font_container=&#8220;tag:h3|text_align:left&#8220; use_theme_fonts=&#8220;yes&#8220; animation_delay=&#8220;200&#8243; css=&#8220;.vc_custom_1770834721186{margin-top: 52px !important;margin-bottom: 27px !important;}&#8220; animation_type=&#8220;fadeInUp&#8220; css_params=&#8220;{&#8222;css_margin_top_md&#8222;:&#8222;45px&#8222;}&#8220; custom_css_response=&#8220;@media(max-width:767px){.vc_custom_1770834721186{margin-top:45px!important;}}&#8220;][vc_separator color=&#8220;custom&#8220; align=&#8220;align_left&#8220; border_width=&#8220;3&#8243; css_animation=&#8220;fadeInUp&#8220; type=&#8220;small&#8220; gap=&#8220;short&#8220; accent_color=&#8220;var(&#8211;porto-primary-color)&#8220;][vc_custom_heading text=&#8220;Wo Geschmack, Kunst und Tradition aufeinandertreffen. Prosciutto di San Daniele ist in der ganzen Gemeinde direkt bei den Herstellern, in Gesch\u00e4ften und in der Gastronomie erh\u00e4ltlich. Doch nicht nur das: Auch handwerklich hergestellte Schokolade, frische Forellen, lokales Kunsthandwerk und vieles mehr erwarten Sie.  &#8220; font_container=&#8220;tag:p|font_size:1.2rem|text_align:left|line_height:28.8px&#8220; use_theme_fonts=&#8220;yes&#8220; letter_spacing=&#8220;-0.96px&#8220; animation_delay=&#8220;400&#8243; css=&#8220;.vc_custom_1770834759173{margin-top: -6px !important;margin-bottom: 24px !important;}&#8220; animation_type=&#8220;fadeInUp&#8220; css_params=&#8220;&#8220;][vc_custom_heading text=&#8220;Jedes Produkt spiegelt Exzellenz und Leidenschaft wider. Bei einem Bummel durch die Gesch\u00e4fte der Stadt k\u00f6nnen Sie ein St\u00fcck Friaul-Julisch Venetien mit nach Hause nehmen. &#8220; font_container=&#8220;tag:p|font_size:1.2rem|text_align:left|line_height:28.8px&#8220; use_theme_fonts=&#8220;yes&#8220; letter_spacing=&#8220;-0.96px&#8220; animation_delay=&#8220;400&#8243; css=&#8220;.vc_custom_1770834765411{margin-top: -6px !important;margin-bottom: 24px !important;}&#8220; animation_type=&#8220;fadeInUp&#8220; css_params=&#8220;&#8220;][\/vc_column][\/vc_row][vc_row conditional_render=&#8220;%5B%7B%22value_role%22%3A%22administrator%22%7D%5D&#8220; css_params=&#8220;{&#8222;css_margin_bottom_lg&#8222;:&#8222;-1rem&#8222;}&#8220; css=&#8220;.vc_custom_1768977339657{margin-bottom: -2rem !important;border-radius: 35px !important;}&#8220; custom_css_response=&#8220;@media(max-width:991px){.vc_custom_1768977339657{margin-bottom:-1rem!important;}}&#8220; el_id=&#8220;prodotti_collection&#8220;][vc_column][vc_column_text css=&#8220;&#8220; css_params=&#8220;&#8220;]<div class=\"sd-collection-prodotti vc_row wpb_row top-row vc_custom_1736842717087 vc_row-has-fill porto-inner-container wpb_custom_034b39d9bc6c6b310d69e39f0ccf274f\">\n    <div class=\"porto-wrap-container container-fluid\">\n        <div class=\"vc_column_container col-md-12\">\n            <div class=\"wpb_wrapper vc_column-inner\">\n\n             <!--lo que me interesa-->\n                <div class=\"porto-posts-grid porto-posts-grid-75121fa532f6c490d02770d2b728412e archive-posts-infinite custom-filter text-center wpb_custom_0f2a8c1492c4bfefc862e93242b7115f porto-ajax-load load-ajax porto-portfoliosribg\" >\n                                        <!--filtro-->\n                        <div id=\"sDfiltro-sd-prodotto\" data-id-form=\"sDfiltro-sd-prodotto\">\n                                                            <ul id=\"filter-tipo-prodotto\" data-taxonomy1=\"tipo_prodotto_sd\" class=\" nav sort-source nav-pills  sd-terms-list\">\n                                    <li data-value=\"\" class=\"sd-term-item active\" ><span>Alle Anzeigen<\/span><\/li>\n                                                                            <li class=\"sd-term-item\"  data-value=\"399\">\n                                            <span >Schinken<\/span> \n                                        <\/li>\n                                                                    <\/ul>\n                                   \n                            <!-- ANTES LOS IDS Y los NAME eran: \"tax\", \"tax2\" TODO:  --> \n                            <input type=\"hidden\" id=\"tax1\" name=\"tax1\" value=\"tipo_prodotto_sd\">\n                            <input type=\"hidden\" id=\"term_taxonomy1\" name=\"term_taxonomy1\" value=\"\">\n                            <input type=\"hidden\" id=\"tax2\" name=\"tax2\" value=\"\">\n                            <input type=\"hidden\" id=\"term_taxonomy2\" name=\"term_taxonomy2\" value=\"\">\n                            <!--todo lo referente a $filter_values NO FUNCIONA TODAVIA -->                    \n                            <input type=\"hidden\" id=\"cpt\" name=\"cpt\" value=\"sd-prodotto\">\n                            <input type=\"hidden\" id=\"current_page\" name=\"current_page\" value=\"1\">\n                            <input type=\"hidden\" id=\"per_page\" name=\"per_page\" value=\"3\">\n                                                    <\/div>\n                                        \n                    <div class=\"sd-container-filter\">\n                        <div class=\"bounce-loader\">\n                            <div class=\"bounce1\"><\/div>\n                            <div class=\"bounce2\"><\/div>\n                            <div class=\"bounce3\"><\/div>\n                        <\/div>\n                        <div id=\"porfolioAjaxBox\" class=\"ajax-box ajax-box-init\">\n                            <!--PARA CERRAR EL AJAX DE PORTO-->\n                \n                            <div id=\"luogo-ajax-container\" class=\"sd-ajax-luogo-overlay\" style=\"display:none;\">\n                                <div class=\"sd-ajax-luogo-overlay-inner\">\n                                    <button class=\"luogo-close\">&times;<\/button>\n                                    <div class=\"luogo-ajax-content\"><\/div>\n                                <\/div>\n                            <\/div>\n                        <\/div>    \n                    <\/div>\n\n                    <div id=\"ajax-results\"  class=\" posts-wrap  portfolios-container has-ccols ccols-xl-3 ccols-md-2 ccols-1 has-ccols-spacing\" data-sort-id=\"sd-prodotto\">\n                                                    <!-- item-->\n                            <div class=\"porto-tb-item portfolio post-6035 sd-prodotto type-portfolio status-publish has-post-thumbnail hentry \">\n                                <div class=\"porto-section overflow-hidden custom-project porto-gb-0ac577f7fffb4bcbe849fac977928587 fadeInUp animated\">\n                                    <div class=\"porto-tb-featured-image tb-image-type-default porto-img-zoom porto-gb-16bb95957acc7c85356483b620aafe6c\" data-title=\"CRUdiS ?>\">\n                                        <span aria-label=\"post featured image\"  class=\"img-thumbnail\">\n                                            <img width=\"356\" height=\"205\" src=\"https:\/\/visitsandaniele.it\/wp-content\/uploads\/2026\/03\/84-Visit-San-Daniele.jpg\" class=\"img-responsive\" alt=\"Project Image\" decoding=\"async\" loading=\"lazy\">\n                                        <\/span>\n                                    <\/div>\n\n                                    <div class=\"porto-ibanner interactive-banner-wrap-07dd21040fa50768c9d370ae74e47015 custom-img-height porto-gb-57be2bce7f459424ddd28bb8f5fa1a1f\" style=\"background:inherit;\">\n                                        <h5 class=\"porto-ibanner-img mt-2\">Schinken<\/h5>\n                                    <\/div>\n\n                                    <div class=\"porto-section porto-gb-0d23e3133384e95c9a6f7a7369c7c9fd\" style=\"background-color:var(--porto-light-color);\">\n                                        <div class=\"porto-section project-details porto-gb-da15059b13d83c2312822300b1ddb184\">\n                                            <h3 class=\"porto-heading porto-gb-035dd9ef8633c083dd88386b64aa0496 post-title\" >\n                                                <span aria-label=\"Post Title\">CRUdiS<\/span>\n                                            <\/h3>\n                                            <span class=\"porto-tb-meta tb-meta-portfolio_cat porto-gb-a925be37ca52cad6324da39251a206c2\">\n                                             \n                                            <\/span>\n\n                                            <div class=\"porto-section flex-container align-items-center justify-content-between project-links porto-gb-6cf84664439ea0c0612017980528a475\">\n                                                <a aria-label=\"button\" class=\"btn btn-md btn-primary btn-borders porto-gb-592eaf099685eefc00125c053f1b3acd\" href=\"#\"  data-href=\"https:\/\/visitsandaniele.it\/de\/sd-prodotto\/crudis\/\" data-ajax-on-page>\n                                                    <span>Details anzeigen<\/span>\n                                                <\/a>\n                                                <a aria-label=\"button\" class=\"btn btn-md btn-light btn-icon btn-icon-only porto-gb-ec8dc805096a759011c458c54689577b\" href=\"#\"  data-href=\"https:\/\/visitsandaniele.it\/de\/sd-prodotto\/crudis\/\" data-ajax-on-page>\n                                                    <i class=\"fa-solid fa-arrow-right\"><\/i>\n                                                    <span><\/span>\n                                                <\/a>\n                                            <\/div>\n                                        <\/div>\n                                    <\/div>\n                                <\/div>\n\n                                <div class=\" d-inline-block sd-custom-icon sd-featured-svg appear-animation fadeInUp appear-animation-visible\" \n                                    data-appear-animation-delay=\"200\"\n                                    style=\"position:absolute;top:2rem;left:1.5rem;z-index:222;width:60px;height:60px; animation-delay: 200ms;background-color:var(--porto-secondary-color);border-radius:50%\">\n                                        <?xml version=\"1.0\" encoding=\"UTF-8\"?>\n<svg id=\"Livello_1\" data-name=\"Livello 1\" xmlns=\"http:\/\/www.w3.org\/2000\/svg\" viewBox=\"0 0 141.73 141.73\" class=\"sd-general-icon\">\n  <defs>\n    <style>\n      .cls-1 {\n        fill: #1d1d1b;\n      }\n    <\/style>\n  <\/defs>\n  <path class=\"cls-1\" d=\"M39.53,113.14c-5.96,0-12.46-.9-16.93-4.66-3.03-2.55-4.76-6.13-5.14-10.64-.7-8.29,4.91-19.07,10.84-30.49,5.04-9.69,10.21-19.64,11.88-28.57-2.93-4.35-5.06-8.62-4.71-13.05.1-1.27-.15-1.94-.41-2.66-.49-1.35-.77-2.54.48-4.47.18-.28.36-.61.54-.94.78-1.41,1.75-3.15,3.46-2.79,1.64.35,2.89,1.71,4.11,16.1.19,2.3.07,4.68-.3,7.11.96,1.38,2,2.79,3.06,4.21,2.54,3.42,5.16,6.95,7.17,10.77,3.19,6.03,7.96,17.28,10.9,29.17.16.65-.13,1.32-.7,1.65.11.08.22.16.34.24.68.48.84,1.41.36,2.09-.48.68-1.41.84-2.09.36-5.99-4.21-10.67-5.78-14.3-4.79-3.34.91-5.97,3.94-8.77,10.12-4.38,9.66-15.53,9.55-18.12,9.38.68,1.97,1.78,3.59,3.33,4.89,6,5.04,17.07,4.06,23.69,3.47l1.21-.11c3.54-.3,6.76-1.96,9.05-4.68,2.29-2.72,3.39-6.17,3.09-9.71-.23-2.76-1.52-5.25-3.64-7.04-2.11-1.78-4.79-2.64-7.55-2.4-2.12.18-4.05,1.18-5.43,2.81-1.38,1.63-2.03,3.7-1.85,5.82.14,1.62.9,3.09,2.14,4.14s2.82,1.56,4.44,1.41c1.22-.1,2.32-.67,3.11-1.6.79-.93,1.16-2.12,1.06-3.33-.04-.5-.19-.97-.43-1.38.13.33.22.68.25,1.04.09,1.06-.24,2.09-.93,2.91-.69.81-1.65,1.31-2.71,1.4-1.23.09-2.42-.28-3.36-1.07s-1.52-1.91-1.62-3.13c-.25-2.96,1.95-5.57,4.91-5.82,3.48-.3,6.57,2.3,6.87,5.8.17,2.01-.45,3.97-1.76,5.52s-3.13,2.49-5.15,2.66c-2.42.2-4.77-.54-6.62-2.11-1.85-1.57-2.99-3.76-3.19-6.18-.51-6.03,3.98-11.36,10.02-11.87,3.55-.29,7.01.8,9.74,3.1s4.39,5.52,4.69,9.08c.37,4.34-.98,8.57-3.79,11.9-2.81,3.33-6.75,5.37-11.09,5.74l-1.2.1c-2.52.22-5.66.5-8.95.5ZM48.51,76.17c-1.91,0-3.55.55-4.73,1.6-1.24,1.09-2.73,2.74-4.31,4.48-3.61,3.99-7.7,8.5-11.71,9.84-2.98.99-4.41,4.22-5.02,6.23,1.2-.02,2.9-.14,4.73-.58,4.42-1.07,7.49-3.45,9.13-7.08,2.27-5,5.31-10.3,10.71-11.77,3.52-.96,7.6-.16,12.41,2.46-3.9-3.56-7.94-5.18-11.2-5.18ZM48.54,92.81c-.35.46-.54,1.04-.49,1.65.04.43.24.82.56,1.09.33.28.74.41,1.17.37.26-.02.5-.15.67-.35.17-.2.25-.46.23-.72-.02-.27-.25-.49-.53-.45-.81.06-1.55-.54-1.62-1.37,0-.08,0-.16,0-.24ZM42.52,42.08c-2.17,8.58-6.92,17.72-11.56,26.64-5.31,10.21-10.34,19.9-10.56,27.16,1.01-2.47,2.92-5.49,6.4-6.65,3.26-1.09,7.24-5.48,10.44-9.01,1.64-1.81,3.19-3.52,4.56-4.72,3.9-3.43,11.2-3.43,18.37,2.27-2.84-9.64-6.6-18.33-9.24-23.33-1.91-3.61-4.46-7.05-6.93-10.38-.5-.67-.99-1.33-1.47-1.99ZM38.94,18.69c-.09.15-.17.3-.24.42-.22.39-.43.78-.64,1.11-.54.84-.49.97-.18,1.83.31.84.73,2,.58,3.92-.2,2.57.74,5.24,2.27,8,.03-.93,0-1.84-.07-2.73-.65-7.67-1.29-11.05-1.72-12.54Z\"\/>\n  <g>\n    <path class=\"cls-1\" d=\"M117.92,113.13h-48.66c-.83,0-1.5-.67-1.5-1.5s.67-1.5,1.5-1.5h47.16V31.45h-52.65v14.08h45.76c.83,0,1.5.67,1.5,1.5s-.67,1.5-1.5,1.5h-47.26c-.83,0-1.5-.67-1.5-1.5v-17.08c0-.83.67-1.5,1.5-1.5h55.65c.83,0,1.5.67,1.5,1.5v81.69c0,.83-.67,1.5-1.5,1.5Z\"\/>\n    <path class=\"cls-1\" d=\"M109.53,59.55c-.83,0-1.5-.67-1.5-1.5v-11.02c0-.83.67-1.5,1.5-1.5s1.5.67,1.5,1.5v11.02c0,.83-.67,1.5-1.5,1.5Z\"\/>\n    <path class=\"cls-1\" d=\"M98.3,59.55c-.83,0-1.5-.67-1.5-1.5v-11.02c0-.83.67-1.5,1.5-1.5s1.5.67,1.5,1.5v11.02c0,.83-.67,1.5-1.5,1.5Z\"\/>\n    <path class=\"cls-1\" d=\"M87.08,59.55c-.83,0-1.5-.67-1.5-1.5v-11.02c0-.83.67-1.5,1.5-1.5s1.5.67,1.5,1.5v11.02c0,.83-.67,1.5-1.5,1.5Z\"\/>\n    <path class=\"cls-1\" d=\"M75.86,59.55c-.83,0-1.5-.67-1.5-1.5v-11.02c0-.83.67-1.5,1.5-1.5s1.5.67,1.5,1.5v11.02c0,.83-.67,1.5-1.5,1.5Z\"\/>\n    <path class=\"cls-1\" d=\"M109.53,82.33c-.83,0-1.5-.67-1.5-1.5v-9.52h-36.94c-.83,0-1.5-.67-1.5-1.5s.67-1.5,1.5-1.5h38.44c.83,0,1.5.67,1.5,1.5v11.02c0,.83-.67,1.5-1.5,1.5Z\"\/>\n    <path class=\"cls-1\" d=\"M98.3,82.33c-.83,0-1.5-.67-1.5-1.5v-11.02c0-.83.67-1.5,1.5-1.5s1.5.67,1.5,1.5v11.02c0,.83-.67,1.5-1.5,1.5Z\"\/>\n    <path class=\"cls-1\" d=\"M87.08,82.33c-.83,0-1.5-.67-1.5-1.5v-11.02c0-.83.67-1.5,1.5-1.5s1.5.67,1.5,1.5v11.02c0,.83-.67,1.5-1.5,1.5Z\"\/>\n    <path class=\"cls-1\" d=\"M75.86,82.33c-.83,0-1.5-.67-1.5-1.5v-11.02c0-.83.67-1.5,1.5-1.5s1.5.67,1.5,1.5v11.02c0,.83-.67,1.5-1.5,1.5Z\"\/>\n    <path class=\"cls-1\" d=\"M109.53,105.11c-.83,0-1.5-.67-1.5-1.5v-9.52h-30.67v9.52c0,.83-.67,1.5-1.5,1.5s-1.5-.67-1.5-1.5v-11.02c0-.83.67-1.5,1.5-1.5h33.67c.83,0,1.5.67,1.5,1.5v11.02c0,.83-.67,1.5-1.5,1.5Z\"\/>\n    <path class=\"cls-1\" d=\"M98.3,105.11c-.83,0-1.5-.67-1.5-1.5v-11.02c0-.83.67-1.5,1.5-1.5s1.5.67,1.5,1.5v11.02c0,.83-.67,1.5-1.5,1.5Z\"\/>\n    <path class=\"cls-1\" d=\"M87.08,105.11c-.83,0-1.5-.67-1.5-1.5v-11.02c0-.83.67-1.5,1.5-1.5s1.5.67,1.5,1.5v11.02c0,.83-.67,1.5-1.5,1.5Z\"\/>\n  <\/g>\n<\/svg>                                <\/div>\n                            <\/div>\n                            <!-- \/item-->\n                                            <\/div><!-- \/items-container-->\n                <\/div><!-- \/porto-posts-grid-->\n            <!-- \/lo que me interesa-->\n            <\/div>\n        <\/div>\n    <\/div>\n<\/div>\n<div class=\"clearfix\"><\/div>\n<div id=\"ajax-pagination\" class=\"text-center mt-4\">\n    <\/div>\n\n\n\n[\/vc_column_text][\/vc_column][\/vc_row]<\/p>\n<\/div>","protected":false},"excerpt":{"rendered":"<p>[vc_row wrap_container=&#8220;yes&#8220; css=&#8220;.vc_custom_1766574246501{margin-right: 16px !important;margin-bottom: 4.5rem !important;margin-left: 16px !important;padding-top: 2.85rem !important;padding-right: 0px !important;padding-left: 0px !important;border-radius: 10px !important;}&#8220; conditional_render=&#8220;%5B%7B%22value_role%22%3A%22administrator%22%7D%5D&#8220; css_params=&#8220;&#8220; el_class=&#8220;overflow-hidden&#8220;][vc_column css=&#8220;.vc_custom_1736705149819{padding-right: 0px !important;padding-left: 0px !important;}&#8220; conditional_render=&#8220;%5B%7B%22value_role%22%3A%22administrator%22%7D%5D&#8220; css_params=&#8220;&#8220;][vc_custom_heading text=&#8220;In San Daniele ist jeder Einkauf eine Begegnung mit den Aromen und Traditionen der Region.&#8220; font_container=&#8220;tag:h3|text_align:left&#8220; use_theme_fonts=&#8220;yes&#8220; animation_delay=&#8220;200&#8243; css=&#8220;.vc_custom_1770834721186{margin-top: 52px !important;margin-bottom: 27px !important;}&#8220; animation_type=&#8220;fadeInUp&#8220; css_params=&#8220;{&#8222;css_margin_top_md&#8222;:&#8222;45px&#8222;}&#8220; custom_css_response=&#8220;@media(max-width:767px){.vc_custom_1770834721186{margin-top:45px!important;}}&#8220;][vc_separator color=&#8220;custom&#8220; align=&#8220;align_left&#8220; [&hellip;]<\/p>\n","protected":false},"author":1,"featured_media":5905,"parent":0,"menu_order":0,"comment_status":"closed","ping_status":"closed","template":"","meta":{"footnotes":""},"class_list":["post-5906","page","type-page","status-publish","has-post-thumbnail","hentry"],"_links":{"self":[{"href":"https:\/\/visitsandaniele.it\/de\/wp-json\/wp\/v2\/pages\/5906","targetHints":{"allow":["GET"]}}],"collection":[{"href":"https:\/\/visitsandaniele.it\/de\/wp-json\/wp\/v2\/pages"}],"about":[{"href":"https:\/\/visitsandaniele.it\/de\/wp-json\/wp\/v2\/types\/page"}],"author":[{"embeddable":true,"href":"https:\/\/visitsandaniele.it\/de\/wp-json\/wp\/v2\/users\/1"}],"replies":[{"embeddable":true,"href":"https:\/\/visitsandaniele.it\/de\/wp-json\/wp\/v2\/comments?post=5906"}],"version-history":[{"count":0,"href":"https:\/\/visitsandaniele.it\/de\/wp-json\/wp\/v2\/pages\/5906\/revisions"}],"wp:featuredmedia":[{"embeddable":true,"href":"https:\/\/visitsandaniele.it\/de\/wp-json\/wp\/v2\/media\/5905"}],"wp:attachment":[{"href":"https:\/\/visitsandaniele.it\/de\/wp-json\/wp\/v2\/media?parent=5906"}],"curies":[{"name":"wp","href":"https:\/\/api.w.org\/{rel}","templated":true}]}}