{"id":5919,"date":"2025-11-10T10:36:14","date_gmt":"2025-11-10T09:36:14","guid":{"rendered":"https:\/\/visitsandaniele.it\/die-stadt\/"},"modified":"2026-03-21T08:38:03","modified_gmt":"2026-03-21T07:38:03","slug":"die-stadt","status":"publish","type":"page","link":"https:\/\/visitsandaniele.it\/de\/die-stadt\/","title":{"rendered":"Die Stadt"},"content":{"rendered":"<div class=\"wpb-content-wrapper\"><p>[vc_row wrap_container=&#8220;yes&#8220; conditional_render=&#8220;%5B%7B%22value_role%22%3A%22administrator%22%7D%5D&#8220; css_params=&#8220;&#8220;][vc_column]<div class=\"porto-u-heading  wpb_custom_81fabe11e7c9f90b554646a523c7a9ab porto-u-55ca8359258f9a412be7e73af65d2aac  vc_custom_1773754887390\"><div class=\"porto-u-sub-heading\" style=\"\">Nel cuore del Friuli-Venezia Giulia San Daniele del Friuli unisce storia, arte, natura e enogastronomia. Un borgo panoramico dove cultura, sapore e tradizione si intrecciano in un\u2019identit\u00e0 unica.<\/div><style>.porto-u-55ca8359258f9a412be7e73af65d2aac.porto-u-heading{text-align:center}<\/style><\/div>[\/vc_column][\/vc_row][vc_row wrap_container=&#8220;yes&#8220; content_placement=&#8220;middle&#8220; conditional_render=&#8220;%5B%7B%22value_role%22%3A%22administrator%22%7D%5D&#8220; css_params=&#8220;{&#8222;css_margin_bottom_lg&#8222;:&#8222;4.3rem&#8222;}&#8220; css=&#8220;.vc_custom_1769240465628{margin-bottom: 5.95rem !important;padding-top: 3rem !important;padding-right: 3rem !important;padding-bottom: 3rem !important;padding-left: 3rem !important;background-color: var(&#8211;porto-quaternary-color) !important;border-radius: 30px !important;}&#8220; custom_css_response=&#8220;@media(max-width:991px){.vc_custom_1769240465628{margin-bottom:4.3rem!important;}}&#8220; el_class=&#8220;sd-row-gallery-sandaniele&#8220;][vc_column width=&#8220;1\/3&#8243; el_class=&#8220;order-md-last&#8220; conditional_render=&#8220;%5B%7B%22value_role%22%3A%22administrator%22%7D%5D&#8220; css_params=&#8220;{&#8222;css_margin_bottom_md&#8222;:&#8222;2rem&#8222;}&#8220; css=&#8220;.vc_custom_1741741851882{porto_vc_design_option}&#8220; custom_css_response=&#8220;@media(max-width:767px){.vc_custom_1741741851882{margin-bottom:2rem!important;}}&#8220;][vc_single_image image=&#8220;5898&#8243; img_size=&#8220;full&#8220; css=&#8220;.vc_custom_1769166434867{margin-right: 13.8% !important;margin-bottom: 0px !important;margin-left: 4.5% !important;}&#8220; animation_delay=&#8220;500&#8243; el_class=&#8220;img-mask-1 text-md-center&#8220; css_params=&#8220;{&#8222;css_margin_right_lg&#8222;:&#8222;5%&#8222;,&#8222;css_margin_left_lg&#8222;:&#8222;6%&#8222;,&#8222;css_margin_right_md&#8222;:&#8222;0px&#8222;,&#8222;css_margin_left_md&#8222;:&#8222;0px&#8222;}&#8220; animation_type=&#8220;zoomIn&#8220; custom_css_response=&#8220;@media(max-width:991px){.vc_custom_1769166434867{margin-right:5%!important;margin-left:6%!important;}}@media(max-width:767px){.vc_custom_1769166434867{margin-right:0px!important;margin-left:0px!important;}}&#8220;][\/vc_column][vc_column width=&#8220;2\/3&#8243; css=&#8220;.vc_custom_1741741733679{padding-left: 9.1% !important;}&#8220; conditional_render=&#8220;%5B%7B%22value_role%22%3A%22administrator%22%7D%5D&#8220; css_params=&#8220;{&#8222;css_padding_left_lg&#8222;:&#8222;2.5%&#8222;,&#8222;css_padding_left_md&#8222;:&#8222;10px&#8222;}&#8220; custom_css_response=&#8220;@media(max-width:991px){.vc_custom_1741741733679{padding-left:2.5%!important;}}@media(max-width:767px){.vc_custom_1741741733679{padding-left:10px!important;}}&#8220;][vc_single_image image=&#8220;5915&#8243; img_size=&#8220;full&#8220; css=&#8220;.vc_custom_1769166425571{margin-right: 13.8% !important;margin-bottom: 0px !important;margin-left: 4.5% !important;}&#8220; animation_delay=&#8220;500&#8243; css_params=&#8220;{&#8222;css_margin_right_lg&#8222;:&#8222;5%&#8222;,&#8222;css_margin_left_lg&#8222;:&#8222;6%&#8222;,&#8222;css_margin_right_md&#8222;:&#8222;0px&#8222;,&#8222;css_margin_left_md&#8222;:&#8222;0px&#8222;}&#8220; animation_type=&#8220;zoomIn&#8220; custom_css_response=&#8220;@media(max-width:991px){.vc_custom_1769166425571{margin-right:5%!important;margin-left:6%!important;}}@media(max-width:767px){.vc_custom_1769166425571{margin-right:0px!important;margin-left:0px!important;}}&#8220;]<div class=\"porto-u-heading  wpb_custom_281c7cb7e25727db0241b0ec4c4a4e79 porto-u-ad87e2eaf3f9c495180fe0156ddf3eb0  vc_custom_1769166090458\" data-appear-animation=\"textEntrance\" data-appear-animation-delay=\"400\"><div class=\"porto-u-main-heading\"><h2  >Storia<\/h2><\/div><style>.porto-u-ad87e2eaf3f9c495180fe0156ddf3eb0.porto-u-heading{text-align:left}<\/style><\/div>[vc_custom_heading text=&#8220;San Daniele affonda le proprie radici nell\u2019et\u00e0 medievale quando la sua posizione strategica sul colle ne fece un centro politico e commerciale di rilievo. La sua importanza \u00e8 legata anche al ruolo di citt\u00e0 patriarcale che le confer\u00ec prestigio e lustro nel contesto friulano. Sede della storica Biblioteca Guarneriana, tra le pi\u00f9 antiche biblioteche pubbliche d\u2019Italia, il borgo conserva palazzi, logge e memorie che raccontano secoli di autonomia e vivace vita civica.&#8220; font_container=&#8220;tag:p|font_size:1.25rem|text_align:left|line_height:1.7em&#8220; use_theme_fonts=&#8220;yes&#8220; letter_spacing=&#8220;-0.01em&#8220; animation_delay=&#8220;500&#8243; css=&#8220;.vc_custom_1773754912680{margin-bottom: 0.1rem !important;}&#8220; css_params=&#8220;&#8220; animation_type=&#8220;fadeInUp&#8220;][\/vc_column][\/vc_row][vc_row wrap_container=&#8220;yes&#8220; content_placement=&#8220;middle&#8220; conditional_render=&#8220;%5B%7B%22value_role%22%3A%22administrator%22%7D%5D&#8220; css_params=&#8220;{&#8222;css_margin_bottom_lg&#8222;:&#8222;3.8rem&#8222;}&#8220; css=&#8220;.vc_custom_1741744823653{margin-bottom: 5.4rem !important;}&#8220; custom_css_response=&#8220;@media(max-width:991px){.vc_custom_1741744823653{margin-bottom:3.8rem!important;}}&#8220;][vc_column width=&#8220;2\/5&#8243; conditional_render=&#8220;%5B%7B%22value_role%22%3A%22administrator%22%7D%5D&#8220; css_params=&#8220;&#8220; custom_css_response=&#8220;@media(max-width:767px){.vc_custom_1741742123575{margin-bottom:2rem!important;}}&#8220;][vc_single_image image=&#8220;5898&#8243; img_size=&#8220;full&#8220; css=&#8220;.vc_custom_1771516711331{margin-right: 2.7% !important;margin-bottom: 0px !important;margin-left: 13.7% !important;}&#8220; animation_delay=&#8220;200&#8243; el_class=&#8220;img-mask-2&#8243; css_params=&#8220;{&#8222;css_margin_left_lg&#8222;:&#8222;3.7%&#8222;,&#8222;css_margin_right_md&#8222;:&#8222;0px&#8222;,&#8222;css_margin_left_md&#8222;:&#8222;0px&#8222;}&#8220; animation_type=&#8220;zoomIn&#8220; custom_css_response=&#8220;@media(max-width:991px){.vc_custom_1771516711331{margin-left:3.7%!important;}}@media(max-width:767px){.vc_custom_1771516711331{margin-right:0px!important;margin-left:0px!important;}}&#8220;][\/vc_column][vc_column width=&#8220;3\/5&#8243; css=&#8220;.vc_custom_1741742608799{padding-right: 2.4% !important;padding-left: 2.4% !important;}&#8220; conditional_render=&#8220;%5B%7B%22value_role%22%3A%22administrator%22%7D%5D&#8220; css_params=&#8220;{&#8222;css_padding_right_md&#8222;:&#8222;10px&#8222;,&#8222;css_padding_left_md&#8222;:&#8222;10px&#8222;}&#8220; custom_css_response=&#8220;@media(max-width:767px){.vc_custom_1741742608799{padding-right:10px!important;padding-left:10px!important;}}&#8220;][vc_single_image image=&#8220;5916&#8243; img_size=&#8220;full&#8220; css=&#8220;.vc_custom_1769166364198{margin-right: 2.7% !important;margin-bottom: 0px !important;margin-left: 13.7% !important;}&#8220; animation_delay=&#8220;200&#8243; css_params=&#8220;{&#8222;css_margin_left_lg&#8222;:&#8222;3.7%&#8222;,&#8222;css_margin_right_md&#8222;:&#8222;0px&#8222;,&#8222;css_margin_left_md&#8222;:&#8222;0px&#8222;}&#8220; animation_type=&#8220;zoomIn&#8220; custom_css_response=&#8220;@media(max-width:991px){.vc_custom_1769166364198{margin-left:3.7%!important;}}@media(max-width:767px){.vc_custom_1769166364198{margin-right:0px!important;margin-left:0px!important;}}&#8220;]<div class=\"porto-u-heading  wpb_custom_281c7cb7e25727db0241b0ec4c4a4e79 porto-u-ad87e2eaf3f9c495180fe0156ddf3eb0  vc_custom_1769166147121\" data-appear-animation=\"textEntrance\" data-appear-animation-delay=\"400\"><div class=\"porto-u-main-heading\"><h2  >Arte e Cultura<\/h2><\/div><style>.porto-u-ad87e2eaf3f9c495180fe0156ddf3eb0.porto-u-heading{text-align:left}<\/style><\/div>[vc_custom_heading text=&#8220;Chiese affrescate, palazzi nobiliari e preziose raccolte librarie rendono San Daniele del Friuli un autentico scrigno d\u2019arte. Dalla storica Biblioteca Guarneriana agli affreschi della chiesa di Sant\u2019Antonio Abate, il patrimonio artistico testimonia una tradizione culturale raffinata e sorprendente. Un percorso tra opere, architetture e dettagli che raccontano secoli di storia e continuano ad affascinare visitatori e studiosi.&#8220; font_container=&#8220;tag:p|font_size:1.25rem|text_align:left|line_height:1.7em&#8220; use_theme_fonts=&#8220;yes&#8220; letter_spacing=&#8220;-0.013em&#8220; animation_delay=&#8220;500&#8243; css=&#8220;.vc_custom_1773754937571{margin-bottom: 0.1rem !important;}&#8220; css_params=&#8220;&#8220; animation_type=&#8220;fadeInUp&#8220;][\/vc_column][\/vc_row][vc_row wrap_container=&#8220;yes&#8220; content_placement=&#8220;middle&#8220; conditional_render=&#8220;%5B%7B%22value_role%22%3A%22administrator%22%7D%5D&#8220; css_params=&#8220;{&#8222;css_margin_bottom_lg&#8222;:&#8222;4.3rem&#8222;}&#8220; css=&#8220;.vc_custom_1741744778477{margin-bottom: 5.95rem !important;}&#8220; custom_css_response=&#8220;@media(max-width:991px){.vc_custom_1741744778477{margin-bottom:4.3rem!important;}}&#8220;][vc_column width=&#8220;1\/3&#8243; el_class=&#8220;order-md-last&#8220; conditional_render=&#8220;%5B%7B%22value_role%22%3A%22administrator%22%7D%5D&#8220; css_params=&#8220;{&#8222;css_margin_bottom_md&#8222;:&#8222;2rem&#8222;}&#8220; css=&#8220;.vc_custom_1741741851882{porto_vc_design_option}&#8220; custom_css_response=&#8220;@media(max-width:767px){.vc_custom_1741741851882{margin-bottom:2rem!important;}}&#8220;][vc_single_image image=&#8220;5898&#8243; img_size=&#8220;full&#8220; css=&#8220;.vc_custom_1771516724045{margin-right: 13.8% !important;margin-bottom: 0px !important;margin-left: 4.5% !important;}&#8220; animation_delay=&#8220;500&#8243; el_class=&#8220;img-mask-1 text-md-center&#8220; css_params=&#8220;{&#8222;css_margin_right_lg&#8222;:&#8222;5%&#8222;,&#8222;css_margin_left_lg&#8222;:&#8222;6%&#8222;,&#8222;css_margin_right_md&#8222;:&#8222;0px&#8222;,&#8222;css_margin_left_md&#8222;:&#8222;0px&#8222;}&#8220; animation_type=&#8220;zoomIn&#8220; custom_css_response=&#8220;@media(max-width:991px){.vc_custom_1771516724045{margin-right:5%!important;margin-left:6%!important;}}@media(max-width:767px){.vc_custom_1771516724045{margin-right:0px!important;margin-left:0px!important;}}&#8220;][\/vc_column][vc_column width=&#8220;2\/3&#8243; css=&#8220;.vc_custom_1741741733679{padding-left: 9.1% !important;}&#8220; conditional_render=&#8220;%5B%7B%22value_role%22%3A%22administrator%22%7D%5D&#8220; css_params=&#8220;{&#8222;css_padding_left_lg&#8222;:&#8222;2.5%&#8222;,&#8222;css_padding_left_md&#8222;:&#8222;10px&#8222;}&#8220; custom_css_response=&#8220;@media(max-width:991px){.vc_custom_1741741733679{padding-left:2.5%!important;}}@media(max-width:767px){.vc_custom_1741741733679{padding-left:10px!important;}}&#8220;][vc_single_image image=&#8220;5917&#8243; img_size=&#8220;full&#8220; css=&#8220;.vc_custom_1769166333044{margin-right: 13.8% !important;margin-bottom: 0px !important;margin-left: 4.5% !important;}&#8220; animation_delay=&#8220;500&#8243; css_params=&#8220;{&#8222;css_margin_right_lg&#8222;:&#8222;5%&#8222;,&#8222;css_margin_left_lg&#8222;:&#8222;6%&#8222;,&#8222;css_margin_right_md&#8222;:&#8222;0px&#8222;,&#8222;css_margin_left_md&#8222;:&#8222;0px&#8222;}&#8220; animation_type=&#8220;zoomIn&#8220; custom_css_response=&#8220;@media(max-width:991px){.vc_custom_1769166333044{margin-right:5%!important;margin-left:6%!important;}}@media(max-width:767px){.vc_custom_1769166333044{margin-right:0px!important;margin-left:0px!important;}}&#8220;]<div class=\"porto-u-heading  wpb_custom_281c7cb7e25727db0241b0ec4c4a4e79 porto-u-ad87e2eaf3f9c495180fe0156ddf3eb0  vc_custom_1769166201552\" data-appear-animation=\"textEntrance\" data-appear-animation-delay=\"400\"><div class=\"porto-u-main-heading\"><h2  >Natura<\/h2><\/div><style>.porto-u-ad87e2eaf3f9c495180fe0156ddf3eb0.porto-u-heading{text-align:left}<\/style><\/div>[vc_custom_heading text=&#8220;Adagiata tra le colline moreniche e affacciata sulla valle del Tagliamento San Daniele del Friuli regala panorami ampi e luminosi che spaziano dalla pianura alle Prealpi. Sentieri, percorsi ciclabili e scorci sul fiume accompagnano il visitatore tra boschi di querce, prati e dolci pendii collinari. Un territorio modellato dal tempo e dal vento ideale per passeggiate, escursioni e momenti di quiete immersi in un paesaggio che invita alla scoperta lenta e all\u2019aria aperta.&#8220; font_container=&#8220;tag:p|font_size:1.25rem|text_align:left|line_height:1.7em&#8220; use_theme_fonts=&#8220;yes&#8220; letter_spacing=&#8220;-0.01em&#8220; animation_delay=&#8220;500&#8243; css=&#8220;.vc_custom_1773754963949{margin-bottom: 0.1rem !important;}&#8220; css_params=&#8220;&#8220; animation_type=&#8220;fadeInUp&#8220;][\/vc_column][\/vc_row][vc_row wrap_container=&#8220;yes&#8220; content_placement=&#8220;middle&#8220; conditional_render=&#8220;%5B%7B%22value_role%22%3A%22administrator%22%7D%5D&#8220; css_params=&#8220;{&#8222;css_margin_bottom_lg&#8222;:&#8222;3.8rem&#8222;}&#8220; css=&#8220;.vc_custom_1741744823653{margin-bottom: 5.4rem !important;}&#8220; custom_css_response=&#8220;@media(max-width:991px){.vc_custom_1741744823653{margin-bottom:3.8rem!important;}}&#8220;][vc_column width=&#8220;2\/5&#8243; conditional_render=&#8220;%5B%7B%22value_role%22%3A%22administrator%22%7D%5D&#8220; css_params=&#8220;&#8220; custom_css_response=&#8220;@media(max-width:767px){.vc_custom_1741742123575{margin-bottom:2rem!important;}}&#8220;][vc_single_image image=&#8220;5898&#8243; img_size=&#8220;full&#8220; css=&#8220;.vc_custom_1771516736465{margin-right: 2.7% !important;margin-bottom: 0px !important;margin-left: 13.7% !important;}&#8220; animation_delay=&#8220;200&#8243; el_class=&#8220;img-mask-2&#8243; css_params=&#8220;{&#8222;css_margin_left_lg&#8222;:&#8222;3.7%&#8222;,&#8222;css_margin_right_md&#8222;:&#8222;0px&#8222;,&#8222;css_margin_left_md&#8222;:&#8222;0px&#8222;}&#8220; animation_type=&#8220;zoomIn&#8220; custom_css_response=&#8220;@media(max-width:991px){.vc_custom_1771516736465{margin-left:3.7%!important;}}@media(max-width:767px){.vc_custom_1771516736465{margin-right:0px!important;margin-left:0px!important;}}&#8220;][\/vc_column][vc_column width=&#8220;3\/5&#8243; css=&#8220;.vc_custom_1741742608799{padding-right: 2.4% !important;padding-left: 2.4% !important;}&#8220; conditional_render=&#8220;%5B%7B%22value_role%22%3A%22administrator%22%7D%5D&#8220; css_params=&#8220;{&#8222;css_padding_right_md&#8222;:&#8222;10px&#8222;,&#8222;css_padding_left_md&#8222;:&#8222;10px&#8222;}&#8220; custom_css_response=&#8220;@media(max-width:767px){.vc_custom_1741742608799{padding-right:10px!important;padding-left:10px!important;}}&#8220;][vc_single_image image=&#8220;5918&#8243; img_size=&#8220;full&#8220; css=&#8220;.vc_custom_1769166296607{margin-right: 2.7% !important;margin-bottom: 0px !important;margin-left: 13.7% !important;}&#8220; animation_delay=&#8220;200&#8243; css_params=&#8220;{&#8222;css_margin_left_lg&#8222;:&#8222;3.7%&#8222;,&#8222;css_margin_right_md&#8222;:&#8222;0px&#8222;,&#8222;css_margin_left_md&#8222;:&#8222;0px&#8222;}&#8220; animation_type=&#8220;zoomIn&#8220; custom_css_response=&#8220;@media(max-width:991px){.vc_custom_1769166296607{margin-left:3.7%!important;}}@media(max-width:767px){.vc_custom_1769166296607{margin-right:0px!important;margin-left:0px!important;}}&#8220;]<div class=\"porto-u-heading  wpb_custom_281c7cb7e25727db0241b0ec4c4a4e79 porto-u-ad87e2eaf3f9c495180fe0156ddf3eb0  vc_custom_1769166251697\" data-appear-animation=\"textEntrance\" data-appear-animation-delay=\"400\"><div class=\"porto-u-main-heading\"><h2  >Gastronomia<\/h2><\/div><style>.porto-u-ad87e2eaf3f9c495180fe0156ddf3eb0.porto-u-heading{text-align:left}<\/style><\/div>[vc_custom_heading text=&#8220;Terra di antica tradizione norcina San Daniele del Friuli \u00e8 conosciuta in tutto il mondo per il Prosciutto di San Daniele Dop, lavorato esclusivamente nel Comune di San Daniele. \u00e8 un prosciutto crudo stagionato grazie a un microclima unico e figlio di una lavorazione tradizionale tramandata nei secoli. Accanto al prosciutto, vini locali, formaggi, prodotti tipici e la celebre Trota Regina di San Daniele raccontano un territorio ricco di sapori e cultura gastronomica, offrendo esperienze culinarie uniche.&#8220; font_container=&#8220;tag:p|font_size:1.25rem|text_align:left|line_height:1.7em&#8220; use_theme_fonts=&#8220;yes&#8220; letter_spacing=&#8220;-0.013em&#8220; animation_delay=&#8220;500&#8243; css=&#8220;.vc_custom_1773754983299{margin-bottom: 0.1rem !important;}&#8220; css_params=&#8220;&#8220; animation_type=&#8220;fadeInUp&#8220;][\/vc_column][\/vc_row][vc_row no_padding=&#8220;yes&#8220; conditional_render=&#8220;%5B%7B%22value_role%22%3A%22administrator%22%7D%5D&#8220; css_params=&#8220;{&#8222;css_margin_bottom_lg&#8222;:&#8222;4.3rem&#8222;}&#8220; css=&#8220;.vc_custom_1769166612895{margin-bottom: 5.7rem !important;border-radius: 30px !important;}&#8220; custom_css_response=&#8220;@media(max-width:991px){.vc_custom_1769166612895{margin-bottom:4.3rem!important;}}&#8220; el_class=&#8220;sd-row-gallery-sandaniele&#8220;][vc_column width=&#8220;1\/3&#8243;][vc_single_image image=&#8220;5898&#8243; img_size=&#8220;full&#8220; onclick=&#8220;link_image&#8220; css=&#8220;.vc_custom_1771516747411{margin-bottom: 0px !important;}&#8220; css_params=&#8220;&#8220; img_width=&#8220;{&#8222;unit&#8222;:&#8222;%&#8222;,&#8222;xs&#8222;:&#8222;&#8222;,&#8222;sm&#8222;:&#8222;&#8222;,&#8222;md&#8222;:&#8222;&#8222;,&#8222;lg&#8222;:&#8222;&#8222;,&#8222;xl&#8222;:&#8222;100&#8222;}&#8220;][\/vc_column][vc_column width=&#8220;1\/3&#8243;][vc_single_image image=&#8220;5898&#8243; img_size=&#8220;full&#8220; onclick=&#8220;link_image&#8220; css=&#8220;.vc_custom_1771516755208{margin-bottom: 0px !important;}&#8220; css_params=&#8220;&#8220; img_width=&#8220;{&#8222;unit&#8222;:&#8222;%&#8222;,&#8222;xs&#8222;:&#8222;&#8222;,&#8222;sm&#8222;:&#8222;&#8222;,&#8222;md&#8222;:&#8222;&#8222;,&#8222;lg&#8222;:&#8222;&#8222;,&#8222;xl&#8222;:&#8222;100&#8222;}&#8220;][\/vc_column][vc_column width=&#8220;1\/3&#8243;][vc_single_image image=&#8220;5898&#8243; img_size=&#8220;full&#8220; onclick=&#8220;link_image&#8220; css=&#8220;.vc_custom_1771516762252{margin-bottom: 0px !important;}&#8220; css_params=&#8220;&#8220; img_width=&#8220;{&#8222;unit&#8222;:&#8222;%&#8222;,&#8222;xs&#8222;:&#8222;&#8222;,&#8222;sm&#8222;:&#8222;&#8222;,&#8222;md&#8222;:&#8222;&#8222;,&#8222;lg&#8222;:&#8222;&#8222;,&#8222;xl&#8222;:&#8222;100&#8222;}&#8220;][\/vc_column][\/vc_row]<\/p>\n<\/div>","protected":false},"excerpt":{"rendered":"<p>[vc_row wrap_container=&#8220;yes&#8220; conditional_render=&#8220;%5B%7B%22value_role%22%3A%22administrator%22%7D%5D&#8220; css_params=&#8220;&#8220;][vc_column][\/vc_column][\/vc_row][vc_row wrap_container=&#8220;yes&#8220; content_placement=&#8220;middle&#8220; conditional_render=&#8220;%5B%7B%22value_role%22%3A%22administrator%22%7D%5D&#8220; css_params=&#8220;{&#8222;css_margin_bottom_lg&#8222;:&#8222;4.3rem&#8222;}&#8220; css=&#8220;.vc_custom_1769240465628{margin-bottom: 5.95rem !important;padding-top: 3rem !important;padding-right: 3rem !important;padding-bottom: 3rem !important;padding-left: 3rem !important;background-color: var(&#8211;porto-quaternary-color) !important;border-radius: 30px !important;}&#8220; custom_css_response=&#8220;@media(max-width:991px){.vc_custom_1769240465628{margin-bottom:4.3rem!important;}}&#8220; el_class=&#8220;sd-row-gallery-sandaniele&#8220;][vc_column width=&#8220;1\/3&#8243; el_class=&#8220;order-md-last&#8220; conditional_render=&#8220;%5B%7B%22value_role%22%3A%22administrator%22%7D%5D&#8220; css_params=&#8220;{&#8222;css_margin_bottom_md&#8222;:&#8222;2rem&#8222;}&#8220; css=&#8220;.vc_custom_1741741851882{porto_vc_design_option}&#8220; custom_css_response=&#8220;@media(max-width:767px){.vc_custom_1741741851882{margin-bottom:2rem!important;}}&#8220;][vc_single_image image=&#8220;5898&#8243; img_size=&#8220;full&#8220; css=&#8220;.vc_custom_1769166434867{margin-right: 13.8% !important;margin-bottom: 0px !important;margin-left: 4.5% !important;}&#8220; animation_delay=&#8220;500&#8243; el_class=&#8220;img-mask-1 text-md-center&#8220; css_params=&#8220;{&#8222;css_margin_right_lg&#8222;:&#8222;5%&#8222;,&#8222;css_margin_left_lg&#8222;:&#8222;6%&#8222;,&#8222;css_margin_right_md&#8222;:&#8222;0px&#8222;,&#8222;css_margin_left_md&#8222;:&#8222;0px&#8222;}&#8220; animation_type=&#8220;zoomIn&#8220; custom_css_response=&#8220;@media(max-width:991px){.vc_custom_1769166434867{margin-right:5%!important;margin-left:6%!important;}}@media(max-width:767px){.vc_custom_1769166434867{margin-right:0px!important;margin-left:0px!important;}}&#8220;][\/vc_column][vc_column width=&#8220;2\/3&#8243; css=&#8220;.vc_custom_1741741733679{padding-left: 9.1% !important;}&#8220; conditional_render=&#8220;%5B%7B%22value_role%22%3A%22administrator%22%7D%5D&#8220; css_params=&#8220;{&#8222;css_padding_left_lg&#8222;:&#8222;2.5%&#8222;,&#8222;css_padding_left_md&#8222;:&#8222;10px&#8222;}&#8220; custom_css_response=&#8220;@media(max-width:991px){.vc_custom_1741741733679{padding-left:2.5%!important;}}@media(max-width:767px){.vc_custom_1741741733679{padding-left:10px!important;}}&#8220;][vc_single_image image=&#8220;5915&#8243; img_size=&#8220;full&#8220; [&hellip;]<\/p>\n","protected":false},"author":1,"featured_media":0,"parent":0,"menu_order":0,"comment_status":"closed","ping_status":"closed","template":"","meta":{"footnotes":""},"class_list":["post-5919","page","type-page","status-publish","hentry"],"_links":{"self":[{"href":"https:\/\/visitsandaniele.it\/de\/wp-json\/wp\/v2\/pages\/5919","targetHints":{"allow":["GET"]}}],"collection":[{"href":"https:\/\/visitsandaniele.it\/de\/wp-json\/wp\/v2\/pages"}],"about":[{"href":"https:\/\/visitsandaniele.it\/de\/wp-json\/wp\/v2\/types\/page"}],"author":[{"embeddable":true,"href":"https:\/\/visitsandaniele.it\/de\/wp-json\/wp\/v2\/users\/1"}],"replies":[{"embeddable":true,"href":"https:\/\/visitsandaniele.it\/de\/wp-json\/wp\/v2\/comments?post=5919"}],"version-history":[{"count":0,"href":"https:\/\/visitsandaniele.it\/de\/wp-json\/wp\/v2\/pages\/5919\/revisions"}],"wp:attachment":[{"href":"https:\/\/visitsandaniele.it\/de\/wp-json\/wp\/v2\/media?parent=5919"}],"curies":[{"name":"wp","href":"https:\/\/api.w.org\/{rel}","templated":true}]}}