{"id":5925,"date":"2025-05-12T08:36:24","date_gmt":"2025-05-12T06:36:24","guid":{"rendered":"https:\/\/visitsandaniele.it\/datenschutzerklaerung\/"},"modified":"2026-03-31T13:08:28","modified_gmt":"2026-03-31T11:08:28","slug":"datenschutzerklaerung","status":"publish","type":"page","link":"https:\/\/visitsandaniele.it\/de\/datenschutzerklaerung\/","title":{"rendered":"Datenschutzerkl\u00e4rung"},"content":{"rendered":"<div class=\"wpb-content-wrapper\"><p>[vc_row][vc_column][vc_column_text css=&#8220;&#8220; css_params=&#8220;&#8220;]<strong>DATENSCHUTZHINWEIS F\u00dcR DIE VERARBEITUNG PERSONENBEZOGENER DATEN <\/strong><\/p>\n<p><strong> <\/strong>Dieser Hinweis erfolgt gem\u00e4\u00df der Verordnung (EU) 2016\/679 und dem Gesetzesdekret 196\/2003 in der jeweils geltenden Fassung und betrifft den Nutzer (\u201ebetroffene Person\u201c), dessen Daten beim Besuch der Website www.visitsandaniele.it (nachfolgend \u201eWEBSITE\u201c) verarbeitet werden k\u00f6nnen.  <\/p>\n<p><strong>VERANTWORTLICHER F\u00dcR DIE DATENVERARBEITUNG<\/strong><\/p>\n<p>Verantwortlicher ist die <strong>Fondazione San Daniele<\/strong> mit Sitz in Via Ippolito Nievo 19, 33038 San Daniele del Friuli (UD), Italien.<\/p>\n<p>Kontaktdaten<\/p>\n<p>Email: <a href=\"mailto:info@visitsandaniele.it\">info@visitsandaniele.it<\/a><\/p>\n<p>Tel: -39 0432\/957515<\/p>\n<p><strong>UMFANG UND ZWECK DER VERARBEITUNG<\/strong><\/p>\n<p>Dieser Hinweis gilt ausschlie\u00dflich f\u00fcr diese WEBSITE und nicht f\u00fcr andere externe Websites, die \u00fcber Links erreichbar sind und f\u00fcr die die <strong>Fondazione San Daniele<\/strong> nicht verantwortlich ist.<\/p>\n<p>Erhobene Datenkategorien:<\/p>\n<ol>\n<li>automatisch erhobene Daten \u00fcber Cookies (siehe \u201e<a href=\"https:\/\/visitsandaniele.it\/de\/cookie-richtlinie\/\"><strong><em>Cookie-Richtlinie<\/em><\/strong><\/a>\u201c) zur Gew\u00e4hrleistung der Funktionalit\u00e4t der WEBSITE;<\/li>\n<li>freiwillig bereitgestellte Daten \u00fcber das Kontaktformular (Name, E-Mail-Adresse).<\/li>\n<\/ol>\n<p>Abgesehen von den Angaben zu Browserdaten steht es dem Nutzer frei, im \u201eKontakt- und Meldeformular\u201c personenbezogene Daten anzugeben, um Informationen zu erhalten oder Meldungen einzureichen. Werden diese Daten nicht angegeben, kann eine Antwort unter Umst\u00e4nden nicht erfolgen. Der Vollst\u00e4ndigkeit halber sei darauf hingewiesen, dass die Beh\u00f6rde in bestimmten F\u00e4llen (die nicht unter die \u00fcbliche Verwaltung dieser Website fallen) Informationen zum Zwecke der \u00dcberwachung der Verarbeitung personenbezogener Daten anfordern kann. In diesen F\u00e4llen ist die Beantwortung verpflichtend und kann andernfalls zu Verwaltungsstrafen f\u00fchren.   <\/p>\n<p><strong>RECHTSGRUNDLAGE<\/strong><\/p>\n<p>Die Rechtsgrundlage f\u00fcr die Verarbeitung der Browserdaten (a) beruht auf dem berechtigten Interesse der Fondazione San Daniele, Ihnen die korrekte Nutzung der Website zu erm\u00f6glichen.<\/p>\n<p>Die Angabe von Kontaktdaten ist freiwillig, und die Grundlage f\u00fcr die Verarbeitung ist die Einwilligung.<\/p>\n<p><strong>EMPF\u00c4NGER DER DATEN<\/strong><\/p>\n<p>Die angegebenen Kontaktinformationen werden ausschlie\u00dflich von der <strong>Fondazione San Daniele<\/strong> verwaltet.<\/p>\n<p>Es werden keine Daten, die aus der Navigation auf der Website stammen, an Dritte weitergegeben oder offengelegt, deren Handlungen nicht mit der Verwaltung, dem Betrieb oder der Kontrolle der Website selbst in Zusammenhang stehen.<\/p>\n<p>Es finden keine Daten\u00fcbermittlungen ins Ausland statt.<\/p>\n<p><strong id=\"trat_mod_contatt\">Datenschutz \u2013 Daten, die im Rahmen des \u201eKontakt- und Meldeformulars\u201c angegeben wurden<\/strong><\/p>\n<p>Gem\u00e4\u00df den geltenden Rechtsvorschriften zum Schutz personenbezogener Daten, Gesetzesdekret Nr. 196\/2003 und nachfolgenden \u00c4nderungen sowie Verordnung (EU) 679\/16 und nachfolgenden \u00c4nderungen.  <\/p>\n<p>Die Fondazione San Daniele, die f\u00fcr die Datenverarbeitung verantwortlich ist, erhebt Ihre Daten (Name, Vorname, E-Mail-Adresse), um Ihnen antworten zu k\u00f6nnen. Es werden keine anderen als die von Ihnen freiwillig angegebenen Daten erhoben, verarbeitet oder erfasst. <\/p>\n<p>Rechtsgrundlage f\u00fcr die Verarbeitung ist die Einwilligung.<\/p>\n<p>Die erhobenen Daten werden auf Papier, computergest\u00fctzt oder elektronisch verarbeitet und so lange gespeichert, wie es f\u00fcr die Zwecke, f\u00fcr die sie erhoben wurden, erforderlich ist.<\/p>\n<p>Die Daten werden in keiner Weise an Dritte weitergegeben, extern \u00fcbermittelt oder verbreitet.<\/p>\n<p><strong>Die Bereitstellung der oben beschriebenen personenbezogenen Daten ist als freiwillig zu betrachten.<\/strong><\/p>\n<p>Zur Aus\u00fcbung Ihrer Rechte k\u00f6nnen Sie sich an die Stiftung San Daniele wenden (via I. Nievo, 19, 33038 San Daniele del Friuli (UD) &#8211; info@visitsandaniele.it oder <a href=\"mailto:info@visitsandaniele.it\">info@fondazionesandaniele.it<\/a>).<\/p>\n<p>Dar\u00fcber hinaus haben Sie das Recht, eine Beschwerde bei einer Aufsichtsbeh\u00f6rde einzureichen.<\/p>\n<p><strong>BEHANDLUNGSMETHODEN<\/strong><\/p>\n<p>Die Verarbeitung erfolgt automatisch und\/oder manuell unter Verwendung von Methoden und Werkzeugen, die maximale Sicherheit und Vertraulichkeit gew\u00e4hrleisten sollen.<\/p>\n<p><strong>SPEICHERDAUER<\/strong><\/p>\n<p>In \u00dcbereinstimmung mit den geltenden Rechtsvorschriften werden die erhobenen personenbezogenen Daten in einer Form gespeichert, die die Identifizierung der betroffenen Personen f\u00fcr die Dauer erm\u00f6glicht, die zur Erreichung der Verarbeitungszwecke, f\u00fcr die sie erhoben wurden, und anderer zul\u00e4ssiger und damit zusammenh\u00e4ngender Zwecke oder gem\u00e4\u00df den geltenden Rechtsvorschriften erforderlich ist.<\/p>\n<p>Die w\u00e4hrend der Navigation erfassten Daten werden verarbeitet, um die Funktionsf\u00e4higkeit der Website zu gew\u00e4hrleisten, und ausschlie\u00dflich f\u00fcr die Dauer der Browsersitzung gespeichert. Sie werden nicht dauerhaft aufbewahrt. <\/p>\n<p>Pers\u00f6nliche Daten, die von Nutzern freiwillig \u00fcbermittelt werden (z. B. Informationsanfragen, Berichte), werden nur so lange gespeichert, wie es zur Erf\u00fcllung der jeweiligen Anfrage erforderlich ist. Eine Speicherung erfolgt nicht.<\/p>\n<p><strong>RECHTE DER BETROFFENEN PERSONEN<\/strong><\/p>\n<p>Hinsichtlich der Qualit\u00e4t des Interesses muss die Beschwerdeanweisung an alle Aufsichtsbeh\u00f6rden gesendet werden und entweder direkt per E-Mail an <a href=\"mailto:info@visitsandaniele.it\">info@visitsandaniele.it<\/a> oder schriftlich \u00fcber die oben genannte <strong>Fondazione San Daniele<\/strong> erfolgen.<\/p>\n<p><strong>URHEBERRECHT <\/strong><\/p>\n<p>Die Website enth\u00e4lt Texte, Dokumente, Bilder und Videos, die von der San Daniele Stiftung, Inhaberin der Domain www.visitsandaniele.it (alleinige Inhaberin der Rechte an diesen Dokumenten und verantwortlich f\u00fcr deren Inhalt), erstellt wurden und f\u00fcr alle zug\u00e4nglich sind.<\/p>\n<p>Zitate sind im Rahmen des Urheberrechts zul\u00e4ssig, sofern sie mit einem Quellenverweis \u201eFondazione San Daniele\u201c und der entsprechenden Webadresse versehen sind.<\/p>\n<p>Die Aufnahme des Links www.visitsandaniele.it muss vorab per E-Mail an <a href=\"mailto:info@visitsandaniele.it\">info@visitsandaniele.it<\/a> angefragt werden.[\/vc_column_text][\/vc_column][\/vc_row]<\/p>\n<\/div>","protected":false},"excerpt":{"rendered":"<p>[vc_row][vc_column][vc_column_text css=&#8220;&#8220; css_params=&#8220;&#8220;]DATENSCHUTZHINWEIS F\u00dcR DIE VERARBEITUNG PERSONENBEZOGENER DATEN Dieser Hinweis erfolgt gem\u00e4\u00df der Verordnung (EU) 2016\/679 und dem Gesetzesdekret 196\/2003 in der jeweils geltenden Fassung und betrifft den Nutzer (\u201ebetroffene Person\u201c), dessen Daten beim Besuch der Website www.visitsandaniele.it (nachfolgend \u201eWEBSITE\u201c) verarbeitet werden k\u00f6nnen. VERANTWORTLICHER F\u00dcR DIE DATENVERARBEITUNG Verantwortlicher ist die Fondazione San Daniele mit Sitz [&hellip;]<\/p>\n","protected":false},"author":1,"featured_media":0,"parent":0,"menu_order":0,"comment_status":"closed","ping_status":"closed","template":"","meta":{"footnotes":""},"class_list":["post-5925","page","type-page","status-publish","hentry"],"_links":{"self":[{"href":"https:\/\/visitsandaniele.it\/de\/wp-json\/wp\/v2\/pages\/5925","targetHints":{"allow":["GET"]}}],"collection":[{"href":"https:\/\/visitsandaniele.it\/de\/wp-json\/wp\/v2\/pages"}],"about":[{"href":"https:\/\/visitsandaniele.it\/de\/wp-json\/wp\/v2\/types\/page"}],"author":[{"embeddable":true,"href":"https:\/\/visitsandaniele.it\/de\/wp-json\/wp\/v2\/users\/1"}],"replies":[{"embeddable":true,"href":"https:\/\/visitsandaniele.it\/de\/wp-json\/wp\/v2\/comments?post=5925"}],"version-history":[{"count":0,"href":"https:\/\/visitsandaniele.it\/de\/wp-json\/wp\/v2\/pages\/5925\/revisions"}],"wp:attachment":[{"href":"https:\/\/visitsandaniele.it\/de\/wp-json\/wp\/v2\/media?parent=5925"}],"curies":[{"name":"wp","href":"https:\/\/api.w.org\/{rel}","templated":true}]}}