{"id":5862,"date":"2025-11-10T10:36:15","date_gmt":"2025-11-10T09:36:15","guid":{"rendered":"https:\/\/visitsandaniele.it\/where-to-stay\/"},"modified":"2026-03-13T13:32:23","modified_gmt":"2026-03-13T12:32:23","slug":"where-to-stay","status":"publish","type":"page","link":"https:\/\/visitsandaniele.it\/en\/where-to-stay\/","title":{"rendered":"Where to Stay"},"content":{"rendered":"<div class=\"wpb-content-wrapper\"><p>[vc_row wrap_container=&#8221;yes&#8221; css=&#8221;.vc_custom_1766574246501{margin-right: 16px !important;margin-bottom: 4.5rem !important;margin-left: 16px !important;padding-top: 2.85rem !important;padding-right: 0px !important;padding-left: 0px !important;border-radius: 10px !important;}&#8221; conditional_render=&#8221;%5B%7B%22value_role%22%3A%22administrator%22%7D%5D&#8221; css_params=&#8221;&#8221; el_class=&#8221;overflow-hidden&#8221;][vc_column css=&#8221;.vc_custom_1736705149819{padding-right: 0px !important;padding-left: 0px !important;}&#8221; conditional_render=&#8221;%5B%7B%22value_role%22%3A%22administrator%22%7D%5D&#8221; css_params=&#8221;&#8221;][vc_custom_heading text=&#8221;San Daniele: in the Friulian hills, in contact with nature, there are various accommodation solutions for every need&#8221; font_container=&#8221;tag:h3|text_align:center&#8221; use_theme_fonts=&#8221;yes&#8221; animation_delay=&#8221;200&#8243; css=&#8221;.vc_custom_1770834380949{margin-top: 52px !important;margin-bottom: 27px !important;}&#8221; animation_type=&#8221;fadeInUp&#8221; css_params=&#8221;{&#8220;css_margin_top_md&#8220;:&#8220;45px&#8220;}&#8221; custom_css_response=&#8221;@media(max-width:767px){.vc_custom_1770834380949{margin-top:45px!important;}}&#8221;][vc_separator color=&#8221;custom&#8221; align=&#8221;align_left&#8221; border_width=&#8221;3&#8243; css_animation=&#8221;fadeInUp&#8221; type=&#8221;small&#8221; gap=&#8221;short&#8221; accent_color=&#8221;var(&#8211;porto-primary-color)&#8221;][vc_custom_heading text=&#8221;Only a few kilometres from Udine and in a strategic position between Tarvisio, Lignano Sabbiadoro, Trieste and Venice, San Daniele del Friuli is the ideal starting point for a holiday in the heart of Friuli-Venezia Giulia, where sea, mountains and art cities can all be reached in a short time. Hotels, B&amp;Bs and welcoming establishments offer the perfect place for a leisurely stay, to authentically experience the prosciutto city and discover a Friulian gem of culture, taste and landscapes. &#8221; font_container=&#8221;tag:p|text_align:left&#8221; use_theme_fonts=&#8221;yes&#8221; animation_delay=&#8221;600&#8243; css=&#8221;.vc_custom_1770834242505{margin-bottom: 4px !important;}&#8221; animation_type=&#8221;fadeInUp&#8221; css_params=&#8221;&#8221;][\/vc_column][\/vc_row][vc_row el_id=&#8221;sd_list_alloggi&#8221; conditional_render=&#8221;%5B%7B%22value_role%22%3A%22administrator%22%7D%5D&#8221; css_params=&#8221;&#8221;][vc_column][vc_custom_heading text=&#8221;&#8221; font_container=&#8221;tag:h3|font_size:1.5em|text_align:left&#8221; use_theme_fonts=&#8221;yes&#8221; letter_spacing=&#8221;-1.05px&#8221; css=&#8221;.vc_custom_1770834340134{margin-top: 40px !important;margin-bottom: 24px !important;}&#8221; css_params=&#8221;&#8221;][vc_column_text css=&#8221;&#8221; css_params=&#8221;&#8221;]<style>\n   \n<\/style>\n    <div id=\"sDfiltro-sd-alloggio\" data-id-form=\"sDfiltro-sd-alloggio\" \n        class=\"container-fluid mb-5 sd-filter-collection\" style=\"box-shadow:0px 5px 20px 0px #0000001a;border-radius:2rem;\">\n        <div class=\"container-fluid\">\n            <div class=\"row d-flex justify-content-center align-items-center\" >\n                <!--primer filtro TERM 1-->\n                   \n                                    <div class=\"col-md-4 \">\n                        \n                        <div class=\"form-group mb-0 mt-2 mt-md-0 mx-2\" style=\"flex-basis: 0;flex-grow: 1;\">\n                             <!-- trigger mobile filtro 1-->\n                            <button \n                                type=\"button\"\n                                class=\"sd-filter-toggle mb-3 mb-md-0\"\n                                data-target=\"filter-tipo-struttura\">\n                                <span>All accommodations<\/span><i class=\"fa-solid fa-bars\"><\/i>\n                            <\/button>\n                            <!-- \/trigger mobile filtro 1-->\n                            <ul class=\"sd-terms-list sd-terms-list-collection py-1\" id=\"filter-tipo-struttura\" data-taxonomy1=\"tipo_struttura_sd\">\n                                <li class=\"sd-term-item-1 sd-term-item active\" data-value=\"\">All accommodations...<\/li>\n                                                                    <li class=\"sd-term-item-1 sd-term-item\" data-value=\"206\">\n                                        Hotel                                    <\/li>\n                                                            <\/ul>\n\n                        <\/div>\n                                            \n                    <\/div>\n                 \n                <!--segundo filtro TERM 2-->\n                 \n                <!--order asc\/desc -->                   \n                 <div class=\"col-6 col-md-auto mb-2 mb-md-0\">\n                        <div class=\"form-group orderby-field mb-0 mt-2 mt-md-0 pt-2 mx-2 sd-togglebuttons text-center\">\n                            <span class=\"sd-radio-item first\">            \n                                <label class=\"custom-radio\">\n\n                                    <input type=\"radio\" name=\"order_filter\"  value=\"ASC\"   data-orderby=\"ASC\"  checked\/> \n                                    <span class=\"sd-list-item-label\"><svg class=\"sd-order-arrows\" xmlns=\"http:\/\/www.w3.org\/2000\/svg\" viewBox=\"0 0 640 640\"><!--!Font Awesome Free v7.1.0 by @fontawesome - https:\/\/fontawesome.com License - https:\/\/fontawesome.com\/license\/free Copyright 2026 Fonticons, Inc.--><path d=\"M342.6 41.4C330.1 28.9 309.8 28.9 297.3 41.4L169.3 169.4C156.8 181.9 156.8 202.2 169.3 214.7C181.8 227.2 202.1 227.2 214.6 214.7L288 141.3L288 576C288 593.7 302.3 608 320 608C337.7 608 352 593.7 352 576L352 141.3L425.4 214.7C437.9 227.2 458.2 227.2 470.7 214.7C483.2 202.2 483.2 181.9 470.7 169.4L342.7 41.4z\"\/><\/svg><\/span>\n\n                                <\/label>\n                            <\/span>\n                            <span class=\"sd-radio-item last\">             \n                                <label class=\"custom-radio\">\n\n                                    <input type=\"radio\" name=\"order_filter\"  value=\"DESC\" data-orderby=\"DESC\" \/> \n                                     <span class=\"sd-list-item-label\"><svg class=\"sd-order-arrows\" xmlns=\"http:\/\/www.w3.org\/2000\/svg\" viewBox=\"0 0 640 640\"><!--!Font Awesome Free v7.1.0 by @fontawesome - https:\/\/fontawesome.com License - https:\/\/fontawesome.com\/license\/free Copyright 2026 Fonticons, Inc.--><path d=\"M297.4 598.6C309.9 611.1 330.2 611.1 342.7 598.6L470.7 470.6C483.2 458.1 483.2 437.8 470.7 425.3C458.2 412.8 437.9 412.8 425.4 425.3L352 498.7L352 64C352 46.3 337.7 32 320 32C302.3 32 288 46.3 288 64L288 498.7L214.6 425.3C202.1 412.8 181.8 412.8 169.3 425.3C156.8 437.8 156.8 458.1 169.3 470.6L297.3 598.6z\"\/><\/svg><\/span>\n\n                                <\/label>\n                            <\/span>\n                        <\/div>\n                    <\/div>\n\n                <div class=\"col-6 col-md-auto\">\n                    <button type=\"button\" id=\"clear-filters\" class=\"btn btn-outline-secondary\">\n                        Clear filters                    <\/button>                  \n                    <!-- ANTES LOS IDS Y los NAME eran: \"tax\", \"tax2\" TODO:  --> \n                    <input type=\"hidden\" id=\"tax1\" name=\"tax1\" value=\"tipo_struttura_sd\">\n                    <input type=\"hidden\" id=\"tax2\" name=\"tax2\" value=\"\">\n                    <input type=\"hidden\" id=\"term_taxonomy1\" name=\"term_taxonomy1\" value=\"\">\n                    <input type=\"hidden\" id=\"term_taxonomy2\" name=\"term_taxonomy2\" value=\"\">\n                     <!--todo lo referente a $filter_values NO FUNCIONA TODAVIA -->                    \n                    <input type=\"hidden\" id=\"cpt\" name=\"cpt\" value=\"sd-alloggio\">\n                    <input type=\"hidden\" id=\"current_page\" name=\"current_page\" value=\"1\">\n                    <input type=\"hidden\" id=\"per_page\" name=\"per_page\" value=\"3\">\n                    \n                <\/div>  \n            <\/div>\n        <\/div>\n    <\/div>\n\n<div class=\"sd-container-filter sd-container-filterByTaxonomy porto-posts-grid porto-posts-grid-75121fa532f6c490d02770d2b728412e  wpb_custom_07413601b9a6cec683b963f71585721d porto-ajax-load load-infinite porto-portfoliosgep4\">\n        <div class=\"bounce-loader\">\n            <div class=\"bounce1\"><\/div>\n            <div class=\"bounce2\"><\/div>\n            <div class=\"bounce3\"><\/div>\n        <\/div>\n        <div id=\"porfolioAjaxBox\" class=\"ajax-box ajax-box-init\">\n           \n           \n                    <!--PARA CERRAR EL AJAX DE PORTO-->\n            \n            <div id=\"luogo-ajax-container\" class=\"sd-ajax-luogo-overlay\" style=\"display:none;\">\n                <div class=\"sd-ajax-luogo-overlay-inner\">\n                    <button class=\"luogo-close\">&times;<\/button>\n                    <div class=\"luogo-ajax-content\"><\/div>\n                <\/div>\n            <\/div>\n\n        <\/div>\n\n        <div id=\"ajax-results\" class=\"posts-wrap portfolios-container has-ccols ccols-md-2 ccols-lg-3 ccols-1 has-ccols-spacing\" data-sort-id=\"sd-alloggio\">\n        <!-- Aqu\u00ed se inyectar\u00e1n los posts -->\n                             <div class=\"sd-collection-item porto-tb-item  porto-block post-6013 sd-alloggio  status-publish has-post-thumbnail hentry  has-pb-edit\" data-bs-original-title=\"\" title=\"\">\n                        <div class=\"porto-section cs-portfolio-2 position-relative meta-absolute porto-gb-283a3010ab7413976c0cab09150dbc70 fadeInUp animated\">\n                            <div class=\"porto-tb-featured-image tb-image-type-default porto-img-zoom mb-3 porto-gb-a37fc651c69fd6e19d060a70a3e436dd\" data-title=\"Hotel San Daniele\">\n                                <div class=\"img-thumbnail\">\n                                    <img width=\"344\" height=\"345\" src=\"https:\/\/visitsandaniele.it\/wp-content\/uploads\/2026\/03\/186-Alloggi-Hotel-BB-San-Daniele.jpg\" class=\"img-responsive\" alt=\"\" decoding=\"async\" loading=\"lazy\">\n                                <\/div>\n                                <div class=\"tb-hover-content\">\n                                    \n                                <\/div>\n                            <\/div>\n\n                            <div class=\"porto-section porto-gb-1e6f8980c2c385fb52e2f9aaea8088e9 sd-section-info\">\n                                \n                                <span class=\"porto-tb-meta tb-meta-portfolio_cat mb-1 d-block porto-gb-ac01f3776a939f9cfa7fc3cd16ec9cdb\"><\/span>\n                                <h3 class=\"porto-heading mb-2 porto-gb-5785bf447b474405b9742d67027e5cec post-title\" >\n                                    <a aria-label=\"Post Title\" href=\"#\"  data-href=\"https:\/\/visitsandaniele.it\/en\/sd-alloggio\/hotel-san-daniele\/\" data-ajax-on-page >Hotel San Daniele<\/a>\n                                <\/h3>\n                                                                            <div class=\" flex-container align-items-center justify-content-start \">\n                <a aria-label=\"button\" class=\" porto-gb-5258a54ecd305266b1a93e840aa7dcac \" \n                   href=\"#\"\n                    data-href=\"https:\/\/visitsandaniele.it\/en\/sd-alloggio\/hotel-san-daniele\/\" data-ajax-on-page                                                              >\n                    <span>View details<\/span>\n                <\/a>\n                <a aria-label=\"button\" class=\"btn btn-md btn-light btn-icon btn-icon-only porto-gb-ec8dc805096a759011c458c54689577b\" href=\"#\"\n                    data-href=\"https:\/\/visitsandaniele.it\/en\/sd-alloggio\/hotel-san-daniele\/\" data-ajax-on-page                                                              \n                    style=\"\n                        width: 3.125rem;\n                        height: 3.125rem;\n                        margin-left: 2.25rem;\n                        line-height: 3.125rem;\n                        border-radius: 50%;\n                        box-shadow: 0 12px 45px rgba(0, 0, 0, 0.08);\n                        text-align: center;\n                        font-size: 1.125rem;\n                    \">\n                    <i class=\"fa-solid fa-arrow-right\"><\/i><span><\/span>\n                <\/a>\n            <\/div>\n        \n                            <\/div>\n                            \n                        <\/div>\n                        <div class=\" d-inline-block sd-custom-icon sd-featured-svg appear-animation fadeInUp appear-animation-visible\" \n                            data-appear-animation-delay=\"200\"\n                            style=\"position:absolute;top:2rem;left:1.5rem;z-index:222;width:60px;height:60px; animation-delay: 200ms;background-color:var(--porto-secondary-color);border-radius:50%;padding:5px\">\n                                 <?xml version=\"1.0\" encoding=\"UTF-8\"?>\n<svg id=\"Livello_1\" data-name=\"Livello 1\" xmlns=\"http:\/\/www.w3.org\/2000\/svg\" viewBox=\"0 0 141.73 141.73\" class=\"sd-general-icon\">\n  <defs>\n    <style>\n      .cls-1 {\n        fill: #1d1d1b;\n      }\n    <\/style>\n  <\/defs>\n  <path class=\"cls-1\" d=\"M112.05,118.55H29.68c-.83,0-1.5-.67-1.5-1.5v-8.74c0-.83.67-1.5,1.5-1.5h5.75c.83,0,1.5.67,1.5,1.5s-.67,1.5-1.5,1.5h-4.25v5.74h79.37v-5.39H42.81c-.83,0-1.5-.67-1.5-1.5V42.06c0-.83.67-1.5,1.5-1.5h30v-19.88c0-.83.67-1.5,1.5-1.5h26.33c.83,0,1.5.67,1.5,1.5v81.67c0,.83-.67,1.5-1.5,1.5h-32.77c-.83,0-1.5-.67-1.5-1.5v-12.52h-12.25v7.27c0,.83-.67,1.5-1.5,1.5s-1.5-.67-1.5-1.5v-8.77c0-.83.67-1.5,1.5-1.5h15.25c.83,0,1.5.67,1.5,1.5v12.52h29.77V22.18h-23.33v19.88c0,.83-.67,1.5-1.5,1.5h-30v63.59h67.74c.83,0,1.5.67,1.5,1.5v8.39c0,.83-.67,1.5-1.5,1.5Z\"\/>\n  <path class=\"cls-1\" d=\"M57.65,62.12c-.52,0-1.05-.06-1.57-.19-1.72-.42-3.17-1.48-4.09-2.99-.78-1.28-1.01-2.78-.66-4.23.35-1.45,1.25-2.68,2.52-3.46,2.25-1.37,5.19-.66,6.56,1.59.57.94.75,2.05.49,3.12-.26,1.07-.92,1.98-1.86,2.55-.68.41-1.46.59-2.24.51.9.22,1.88.09,2.72-.43.71-.43,1.63-.21,2.06.5.43.71.21,1.63-.5,2.06-1.05.64-2.23.97-3.43.97ZM55.38,55.03c.51,0,1,.26,1.28.72.11.18.28.25.37.27.09.02.27.04.45-.07.26-.16.44-.4.51-.69.07-.29.02-.59-.13-.85-.51-.83-1.6-1.1-2.44-.59-.59.36-1.01.93-1.17,1.6-.01.06-.03.12-.04.18.11-.13.24-.25.39-.35.24-.15.51-.22.78-.22Z\"\/>\n  <path class=\"cls-1\" d=\"M72.85,62.12c-.52,0-1.05-.06-1.57-.19-1.72-.42-3.17-1.48-4.09-2.99-.78-1.28-1.01-2.78-.66-4.23.35-1.45,1.25-2.68,2.52-3.46,2.25-1.37,5.19-.66,6.56,1.59.57.94.75,2.05.49,3.12-.26,1.07-.92,1.97-1.86,2.55-.69.42-1.48.59-2.26.51h0c.94.23,1.91.08,2.74-.43.71-.43,1.63-.21,2.06.5s.21,1.63-.5,2.06c-1.05.64-2.23.97-3.43.97ZM70.58,55.03c.51,0,1,.26,1.28.72.11.18.28.25.37.27.09.02.27.04.45-.07.26-.16.44-.4.51-.69s.02-.59-.13-.85c-.51-.84-1.6-1.1-2.44-.59-.59.36-1.01.93-1.17,1.6-.01.06-.03.12-.04.18.11-.13.24-.25.39-.35.24-.15.51-.22.78-.22Z\"\/>\n  <path class=\"cls-1\" d=\"M88.05,62.12c-2.23,0-4.42-1.13-5.66-3.17-1.61-2.63-.77-6.08,1.86-7.69,1.09-.66,2.37-.86,3.61-.56,1.24.3,2.29,1.07,2.95,2.16.57.94.75,2.04.49,3.12-.26,1.07-.92,1.97-1.86,2.55-.68.42-1.46.59-2.24.51.9.22,1.88.09,2.72-.43.71-.43,1.63-.21,2.06.5.43.71.21,1.63-.5,2.06-1.07.65-2.26.96-3.43.96ZM85.77,55.03c.5,0,1,.25,1.28.72.11.18.28.25.37.27.09.02.27.04.45-.07.26-.16.44-.4.51-.69s.02-.59-.13-.85c-.25-.41-.64-.69-1.1-.8-.46-.11-.94-.04-1.34.21-.67.41-1.08,1.07-1.21,1.78.11-.13.24-.25.39-.34.24-.15.51-.22.78-.22Z\"\/>\n  <path class=\"cls-1\" d=\"M57.65,79.59c-.52,0-1.05-.06-1.57-.19-1.72-.42-3.17-1.48-4.09-2.99-.78-1.28-1.01-2.78-.66-4.23.35-1.45,1.25-2.68,2.52-3.46,2.25-1.37,5.19-.66,6.56,1.59,1.18,1.94.57,4.48-1.37,5.66-.68.42-1.46.59-2.25.51.89.21,1.88.09,2.73-.43.71-.43,1.63-.21,2.06.5.43.71.21,1.63-.5,2.06-1.05.64-2.23.97-3.43.97ZM55.38,72.5c.51,0,1,.26,1.28.72.17.28.54.37.82.2.53-.32.7-1.01.37-1.54-.51-.83-1.6-1.1-2.44-.59-.59.36-1.01.93-1.17,1.6-.01.06-.03.12-.04.18.11-.13.24-.25.39-.35.24-.15.51-.22.78-.22Z\"\/>\n  <path class=\"cls-1\" d=\"M72.85,79.59c-.52,0-1.05-.06-1.57-.19-1.72-.42-3.17-1.48-4.09-2.99-.78-1.28-1.01-2.78-.66-4.23.35-1.45,1.25-2.68,2.52-3.46,2.25-1.37,5.19-.66,6.56,1.59.57.94.75,2.05.49,3.12-.26,1.07-.92,1.97-1.86,2.55-.71.43-1.51.59-2.28.5,0,0,.01,0,.02,0,.94.23,1.91.08,2.74-.43.71-.43,1.63-.21,2.06.5s.21,1.63-.5,2.06c-1.05.64-2.23.97-3.43.97ZM70.58,72.5c.51,0,1,.26,1.28.72.17.28.54.37.82.2.25-.16.43-.4.5-.69s.02-.59-.13-.85c-.51-.84-1.6-1.1-2.44-.59-.59.36-1.01.93-1.17,1.6-.01.06-.03.12-.04.18.11-.13.24-.25.39-.35.24-.15.51-.22.78-.22Z\"\/>\n  <path class=\"cls-1\" d=\"M88.05,79.59c-2.23,0-4.42-1.13-5.66-3.17-1.61-2.63-.77-6.08,1.86-7.69,1.09-.66,2.37-.86,3.61-.56,1.24.3,2.29,1.07,2.95,2.16,1.18,1.94.57,4.48-1.37,5.66-.7.43-1.5.58-2.26.5.9.22,1.89.1,2.74-.42.71-.43,1.63-.21,2.06.5.43.71.21,1.63-.5,2.06-1.07.65-2.26.96-3.43.96ZM85.77,72.5c.5,0,1,.25,1.28.72.17.28.54.37.82.2.26-.16.44-.4.51-.69s.02-.59-.13-.85c-.25-.41-.64-.69-1.1-.8-.46-.11-.94-.04-1.34.21-.67.41-1.08,1.07-1.21,1.78.11-.13.24-.25.39-.34.24-.15.51-.22.78-.22Z\"\/>\n  <path class=\"cls-1\" d=\"M57.72,103.84s-.1,0-.15,0c-1.77-.04-3.41-.78-4.63-2.06-1.22-1.28-1.86-2.96-1.82-4.73.02-.83.69-1.47,1.54-1.46.83.02,1.48.71,1.46,1.54-.02.97.33,1.88.99,2.58-.46-.64-.71-1.41-.69-2.21.03-1.1.48-2.12,1.28-2.88.8-.76,1.85-1.15,2.94-1.13,2.63.07,4.72,2.26,4.65,4.9-.04,1.49-.66,2.88-1.74,3.91-1.05,1-2.41,1.54-3.85,1.54ZM58.55,96.5c-.29,0-.56.11-.77.31-.22.21-.34.48-.35.78,0,.21.1.36.17.43.06.07.2.18.42.18.83.02,1.48.71,1.46,1.54,0,.18-.04.35-.1.51.05-.04.09-.08.13-.12.5-.48.79-1.12.81-1.81.01-.48-.16-.93-.49-1.27-.33-.34-.77-.54-1.24-.55,0,0-.02,0-.03,0Z\"\/>\n<\/svg>\n                        <\/div>\n                    <\/div>\n                        <\/div>\n    <div class=\"clearfix\"><\/div>\n    <div id=\"ajax-pagination\" class=\" text-center mt-4\">\n        <!-- Aqu\u00ed se inyectar\u00e1 la paginaci\u00f3n -->\n         \n    <\/div>\n    \n<\/div>\n[\/vc_column_text][\/vc_column][\/vc_row]<\/p>\n<\/div>","protected":false},"excerpt":{"rendered":"<p>[vc_row wrap_container=&#8221;yes&#8221; css=&#8221;.vc_custom_1766574246501{margin-right: 16px !important;margin-bottom: 4.5rem !important;margin-left: 16px !important;padding-top: 2.85rem !important;padding-right: 0px !important;padding-left: 0px !important;border-radius: 10px !important;}&#8221; conditional_render=&#8221;%5B%7B%22value_role%22%3A%22administrator%22%7D%5D&#8221; css_params=&#8221;&#8221; el_class=&#8221;overflow-hidden&#8221;][vc_column css=&#8221;.vc_custom_1736705149819{padding-right: 0px !important;padding-left: 0px !important;}&#8221; conditional_render=&#8221;%5B%7B%22value_role%22%3A%22administrator%22%7D%5D&#8221; css_params=&#8221;&#8221;][vc_custom_heading text=&#8221;San Daniele: in the Friulian hills, in contact with nature, there are various accommodation solutions for every need&#8221; font_container=&#8221;tag:h3|text_align:center&#8221; use_theme_fonts=&#8221;yes&#8221; animation_delay=&#8221;200&#8243; css=&#8221;.vc_custom_1770834380949{margin-top: 52px !important;margin-bottom: 27px !important;}&#8221; animation_type=&#8221;fadeInUp&#8221; css_params=&#8221;{&#8220;css_margin_top_md&#8220;:&#8220;45px&#8220;}&#8221; [&hellip;]<\/p>\n","protected":false},"author":1,"featured_media":5753,"parent":0,"menu_order":0,"comment_status":"closed","ping_status":"closed","template":"","meta":{"footnotes":""},"class_list":["post-5862","page","type-page","status-publish","has-post-thumbnail","hentry"],"_links":{"self":[{"href":"https:\/\/visitsandaniele.it\/en\/wp-json\/wp\/v2\/pages\/5862","targetHints":{"allow":["GET"]}}],"collection":[{"href":"https:\/\/visitsandaniele.it\/en\/wp-json\/wp\/v2\/pages"}],"about":[{"href":"https:\/\/visitsandaniele.it\/en\/wp-json\/wp\/v2\/types\/page"}],"author":[{"embeddable":true,"href":"https:\/\/visitsandaniele.it\/en\/wp-json\/wp\/v2\/users\/1"}],"replies":[{"embeddable":true,"href":"https:\/\/visitsandaniele.it\/en\/wp-json\/wp\/v2\/comments?post=5862"}],"version-history":[{"count":0,"href":"https:\/\/visitsandaniele.it\/en\/wp-json\/wp\/v2\/pages\/5862\/revisions"}],"wp:featuredmedia":[{"embeddable":true,"href":"https:\/\/visitsandaniele.it\/en\/wp-json\/wp\/v2\/media\/5753"}],"wp:attachment":[{"href":"https:\/\/visitsandaniele.it\/en\/wp-json\/wp\/v2\/media?parent=5862"}],"curies":[{"name":"wp","href":"https:\/\/api.w.org\/{rel}","templated":true}]}}