{"id":5974,"date":"2025-11-10T10:36:15","date_gmt":"2025-11-10T09:36:15","guid":{"rendered":"https:\/\/visitsandaniele.it\/informations-utiles\/"},"modified":"2026-03-25T18:16:37","modified_gmt":"2026-03-25T17:16:37","slug":"informations-utiles","status":"publish","type":"page","link":"https:\/\/visitsandaniele.it\/fr\/informations-utiles\/","title":{"rendered":"Informations utiles"},"content":{"rendered":"<div class=\"wpb-content-wrapper\"><p>[vc_row css=\u00a0\u00bb.vc_custom_1770710071690{porto_vc_design_option}\u00a0\u00bb conditional_render=\u00a0\u00bb%5B%7B%22value_role%22%3A%22administrator%22%7D%5D\u00a0\u00bb css_params=\u00a0\u00bb{\u00ab\u00a0css_padding_right_xs\u00ab\u00a0:\u00ab\u00a00px\u00ab\u00a0,\u00ab\u00a0css_padding_left_xs\u00ab\u00a0:\u00ab\u00a00px\u00ab\u00a0}\u00a0\u00bb custom_css_response=\u00a0\u00bb@media(max-width:575px){.vc_custom_1770710071690{padding-right:0px!important;padding-left:0px!important;}}\u00a0\u00bb][vc_column el_class=\u00a0\u00bbpx-0 px-md-2&Prime; conditional_render=\u00a0\u00bb%5B%7B%22value_role%22%3A%22administrator%22%7D%5D\u00a0\u00bb css_params=\u00a0\u00bb\u00a0\u00bb][vc_column_text css=\u00a0\u00bb\u00a0\u00bb css_params=\u00a0\u00bb\u00a0\u00bb]<div class=\"row top-row sticky-wrapper px-0 px-md-2\">\n    \n       \n        <div class=\"vc_column_container px-0 px-md-2 col-md-8 col-lg-8 vc_custom_1736577239974\">\n            <div class=\"wpb_wrapper vc_column-inner\">\n                <div class=\"accordion  custom-accordion without-bg without-borders  accordiond751713988987e9331980363e24189ce\"\n                    id=\"accordion-info-utili\"\n                    data-collapsible=\"yes\"\n                    data-active-tab=\"0\"\n                    data-use-accordion=\"yes\">\n\n                    \n        <div id=\"accordion-sd-faq\">\n\n                            \n                <div class=\"card card-default appear-animation fadeInUp appear-animation-visible\"  data-appear-animation=\"fadeInUp\">\n                    <div class=\"card-header\">\n                        <h4 class=\"card-title m-0\">\n                            <a role=\"button\"\n                            class=\"accordion-toggle collapsed\"\n                            data-bs-toggle=\"collapse\"\n                            href=\"#collapse6030\"\n                            aria-expanded=\"false\">\n                              <span class=\"d-inline-block\" style=\"margin-right:30px\">  O\u00f9 se trouve l&#039;office de tourisme?<\/span>\n                            <\/a>\n                        <\/h4>\n                    <\/div>\n\n                    <div id=\"collapse6030\"\n                        class=\"collapse\"\n                        data-bs-parent=\"#accordion-sd-faq\">\n\n                        <div class=\"card-body\">\n                            <div class=\"faq-content\">\n                                <p>Adresse : Via Roma, 3<\/p>\n<p>T\u00e9l : +39 0432 940765<\/p>\n<p>Lun\u2013Mar\u2013Jeu\u2013Ven : 9:30\u201312:30 \/ 15:00\u201318:00<br \/>Sam\u2013Dim : 9:30\u201312:30 \/ 14:30\u201318:00<\/p>\n<p>Dans le centre historique de San Daniele del Friuli. Vous pouvez y obtenir des informations sur les itin\u00e9raires, les \u00e9v\u00e9nements, les visites guid\u00e9es et retirer du mat\u00e9riel informatif sur le territoire. <\/p>\n                            <\/div>\n                        <\/div>\n\n                    <\/div>\n                <\/div>\n\n            \n        <\/div>\n\n        \n                <\/div>\n            <\/div>\n        <\/div>\n         <!--STICKY COLUMN-->\n        <div class=\"vc_column_container col-md-4 col-lg-4 vc_custom_1736724342010 mt-4\">\n            <div class=\"wpb_wrapper vc_column-inner\">\n                <div class=\"pin-wrapper\" style=\"height: 359.453px;\">\n                    <div class=\"porto-sticky\" data-plugin-options=\"{&quot;containerSelector&quot;:&quot;.sticky-wrapper&quot;,&quot;minWidth&quot;:768,&quot;padding&quot;:{&quot;top&quot;:0,&quot;bottom&quot;:0},&quot;activeClass&quot;:&quot;sticky-active&quot;}\" style=\"border-bottom: 0px none rgb(119, 119, 119); width: 546px;\">\n                        <div class=\"porto-u-heading wpb_custom_ef7029ac3e3586a26af829e61d379d76 porto-u-ad87e2eaf3f9c495180fe0156ddf3eb0 vc_custom_1736724197071 appear-animation fadeInUp appear-animation-visible\" data-appear-animation=\"fadeInUp\" data-appear-animation-delay=\"200\" style=\"animation-delay: 200ms;\">\n                            <div class=\"porto-u-main-heading\">\n                                <h2 ><\/h2>\n                            <\/div>\n                            <style>\n                                .porto-u-ad87e2eaf3f9c495180fe0156ddf3eb0.porto-u-heading {\n                                    text-align: left\n                                }\n                            <\/style>\n                        <\/div>\n                        <p style=\"line-height: 1.8em; letter-spacing: -0.015em; animation-delay: 400ms;\" data-appear-animation=\"fadeInUp\" data-appear-animation-delay=\"400\" class=\"vc_custom_heading vc_do_custom_heading vc_custom_1736723913732 wpb_custom_aa365bd5046e8294520b4e73732b9d15 align-left appear-animation fadeInUp appear-animation-visible\">\n                            Pour visiter et d\u00e9couvrir la r\u00e9gion de San Daniele en toute tranquillit\u00e9, voici une compilation d&#039;informations utiles sur les aires de repos, les zones de camping, les services et les transports.        \n                        <\/p>\n                        <div class=\"porto-sicon-box vc_custom_1736726677977 wpb_custom_ccd623e2565e4b02759b5994b8cce968 style_1 default-icon appear-animation fadeInUp appear-animation-visible\" data-appear-animation=\"fadeInUp\" data-appear-animation-delay=\"600\" style=\"animation-delay: 600ms;\">\n                            <div class=\"porto-sicon-default\">\n                            <\/div>\n                            <div class=\"porto-sicon-header\">\n                                <h3 class=\"porto-sicon-title\" >\n                                    Nous sommes disponibles pour toute information.                                <\/h3>\n                            <\/div> <!-- header -->\n                        <\/div><!-- porto-sicon-box -->\n                            \n        <!--nuevo-->\n        <div class=\"vc_btn3-container vc_btn3-inline vc_custom_1771516251657 vc_do_btn\">\n            <a data-appear-animation=\"fadeInUp\" data-appear-animation-delay=\"600\" \n                class=\" vc_btn3 vc_btn3-shape-round btn-hover-text-effect hover-text-switch-up font-primary  vc_btn3-icon-right btn btn-md btn-primary appear-animation fadeInUp appear-animation-visible\" \n                style=\"font-size: 0.9rem; font-weight: 500; padding: 1.05rem 2.2rem; animation-delay: 600ms;\" \n                href=\"https:\/\/visitsandaniele.it\/fr\/contact\/\" \n                                                target=\"_self\"                title=\"Contactez-nous\"\n            >\n                <span class=\"btn-text\" data-text=\"Contactez-nous\">Contactez-nous<\/span> <i class=\"vc_btn3-icon fas fa-arrow-right\"><\/i>\n            <\/a>\t\n        <\/div>            \n\n                            <\/div>\n                <\/div>\n            <\/div>\n        <\/div>\n        <!-- \/sticky column-->\n    \n<\/div>[\/vc_column_text][\/vc_column][\/vc_row]<\/p>\n<\/div>","protected":false},"excerpt":{"rendered":"<p>[vc_row css=\u00a0\u00bb.vc_custom_1770710071690{porto_vc_design_option}\u00a0\u00bb conditional_render=\u00a0\u00bb%5B%7B%22value_role%22%3A%22administrator%22%7D%5D\u00a0\u00bb css_params=\u00a0\u00bb{\u00ab\u00a0css_padding_right_xs\u00ab\u00a0:\u00ab\u00a00px\u00ab\u00a0,\u00ab\u00a0css_padding_left_xs\u00ab\u00a0:\u00ab\u00a00px\u00ab\u00a0}\u00a0\u00bb custom_css_response=\u00a0\u00bb@media(max-width:575px){.vc_custom_1770710071690{padding-right:0px!important;padding-left:0px!important;}}\u00a0\u00bb][vc_column el_class=\u00a0\u00bbpx-0 px-md-2&Prime; conditional_render=\u00a0\u00bb%5B%7B%22value_role%22%3A%22administrator%22%7D%5D\u00a0\u00bb css_params=\u00a0\u00bb\u00a0\u00bb][vc_column_text css=\u00a0\u00bb\u00a0\u00bb css_params=\u00a0\u00bb\u00a0\u00bb][\/vc_column_text][\/vc_column][\/vc_row]<\/p>\n","protected":false},"author":1,"featured_media":0,"parent":0,"menu_order":0,"comment_status":"closed","ping_status":"closed","template":"","meta":{"footnotes":""},"class_list":["post-5974","page","type-page","status-publish","hentry"],"_links":{"self":[{"href":"https:\/\/visitsandaniele.it\/fr\/wp-json\/wp\/v2\/pages\/5974","targetHints":{"allow":["GET"]}}],"collection":[{"href":"https:\/\/visitsandaniele.it\/fr\/wp-json\/wp\/v2\/pages"}],"about":[{"href":"https:\/\/visitsandaniele.it\/fr\/wp-json\/wp\/v2\/types\/page"}],"author":[{"embeddable":true,"href":"https:\/\/visitsandaniele.it\/fr\/wp-json\/wp\/v2\/users\/1"}],"replies":[{"embeddable":true,"href":"https:\/\/visitsandaniele.it\/fr\/wp-json\/wp\/v2\/comments?post=5974"}],"version-history":[{"count":0,"href":"https:\/\/visitsandaniele.it\/fr\/wp-json\/wp\/v2\/pages\/5974\/revisions"}],"wp:attachment":[{"href":"https:\/\/visitsandaniele.it\/fr\/wp-json\/wp\/v2\/media?parent=5974"}],"curies":[{"name":"wp","href":"https:\/\/api.w.org\/{rel}","templated":true}]}}