{"id":5979,"date":"2025-05-30T10:42:22","date_gmt":"2025-05-30T08:42:22","guid":{"rendered":"https:\/\/visitsandaniele.it\/aux-alentours\/"},"modified":"2026-03-28T19:38:49","modified_gmt":"2026-03-28T18:38:49","slug":"aux-alentours","status":"publish","type":"page","link":"https:\/\/visitsandaniele.it\/fr\/aux-alentours\/","title":{"rendered":"Aux alentours"},"content":{"rendered":"<div class=\"wpb-content-wrapper\"><p>[vc_row wrap_container=\u00a0\u00bbyes\u00a0\u00bb css=\u00a0\u00bb.vc_custom_1767953680271{margin-right: 16px !important;margin-bottom: 4.5rem !important;margin-left: 16px !important;padding-top: 2.85rem !important;padding-right: 0px !important;padding-left: 0px !important;border-radius: 10px !important;}\u00a0\u00bb conditional_render=\u00a0\u00bb%5B%7B%22value_role%22%3A%22administrator%22%7D%5D\u00a0\u00bb css_params=\u00a0\u00bb\u00a0\u00bb el_class=\u00a0\u00bboverflow-hidden\u00a0\u00bb][vc_column css=\u00a0\u00bb.vc_custom_1736705149819{padding-right: 0px !important;padding-left: 0px !important;}\u00a0\u00bb conditional_render=\u00a0\u00bb%5B%7B%22value_role%22%3A%22administrator%22%7D%5D\u00a0\u00bb css_params=\u00a0\u00bb\u00a0\u00bb][vc_custom_heading text=\u00a0\u00bbSan Daniele del Friuli et ses environs\u00a0\u00bb font_container=\u00a0\u00bbtag:h3|text_align:left\u00a0\u00bb use_theme_fonts=\u00a0\u00bbyes\u00a0\u00bb animation_delay=\u00a0\u00bb200&Prime; css=\u00a0\u00bb.vc_custom_1770834818182{margin-top: 52px !important;margin-bottom: 27px !important;}\u00a0\u00bb animation_type=\u00a0\u00bbfadeInUp\u00a0\u00bb css_params=\u00a0\u00bb{\u00ab\u00a0css_margin_top_md\u00ab\u00a0:\u00ab\u00a045px\u00ab\u00a0}\u00a0\u00bb custom_css_response=\u00a0\u00bb@media(max-width:767px){.vc_custom_1770834818182{margin-top:45px!important;}}\u00a0\u00bb][vc_separator color=\u00a0\u00bbcustom\u00a0\u00bb align=\u00a0\u00bbalign_left\u00a0\u00bb border_width=\u00a0\u00bb3&Prime; css_animation=\u00a0\u00bbfadeInUp\u00a0\u00bb type=\u00a0\u00bbsmall\u00a0\u00bb gap=\u00a0\u00bbshort\u00a0\u00bb accent_color=\u00a0\u00bbvar(&#8211;porto-primary-color)\u00a0\u00bb][vc_custom_heading text=\u00a0\u00bb\u00c0 quelques pas de San Daniele, d\u00e9couvrez un monde fa\u00e7onn\u00e9 par l\u2019histoire et la nature. Les eaux couleur d&apos;\u00e9meraude du lac de Cornino et sa r\u00e9serve naturelle, les rives du Tagliamento \u2013 roi des fleuves alpins \u2013, les nombreux ch\u00e2teaux des collines du Frioul, la forteresse m\u00e9di\u00e9vale de Venzone, la ville de Gemona del Friuli, reconstruite apr\u00e8s le tremblement de terre de 1976, la ville d&apos;Udine, \u00e9crin des \u0153uvres du Tiepolo, et la majestueuse Villa Manin de Codroipo. \u00a0\u00bb font_container=\u00a0\u00bbtag:p|font_size:1.2rem|text_align:left|line_height:28.8px\u00a0\u00bb use_theme_fonts=\u00a0\u00bbyes\u00a0\u00bb letter_spacing=\u00a0\u00bb-0.96px\u00a0\u00bb animation_delay=\u00a0\u00bb400&Prime; css=\u00a0\u00bb.vc_custom_1770835038339{margin-top: -6px !important;margin-bottom: 24px !important;}\u00a0\u00bb animation_type=\u00a0\u00bbfadeInUp\u00a0\u00bb css_params=\u00a0\u00bb\u00a0\u00bb][vc_custom_heading text=\u00a0\u00bbCern\u00e9 par d\u2019anciens bourgs, monuments historiques et vastes panoramas, chaque recoin raconte la tradition et la culture r\u00e9gionales, qui vous offriront des moments privil\u00e9gi\u00e9s dans le Frioul-V\u00e9n\u00e9tie Julienne.\u00a0\u00bb font_container=\u00a0\u00bbtag:p|text_align:left\u00a0\u00bb use_theme_fonts=\u00a0\u00bbyes\u00a0\u00bb animation_delay=\u00a0\u00bb600&Prime; css=\u00a0\u00bb.vc_custom_1770835251001{margin-bottom: 4px !important;}\u00a0\u00bb animation_type=\u00a0\u00bbfadeInUp\u00a0\u00bb css_params=\u00a0\u00bb\u00a0\u00bb][\/vc_column][\/vc_row][vc_row no_padding=\u00a0\u00bbyes\u00a0\u00bb content_placement=\u00a0\u00bbmiddle\u00a0\u00bb conditional_render=\u00a0\u00bb%5B%7B%22value_role%22%3A%22customer%22%7D%5D\u00a0\u00bb css_params=\u00a0\u00bb\u00a0\u00bb el_class=\u00a0\u00bbsd-break-gallery\u00a0\u00bb css=\u00a0\u00bb.vc_custom_1768979871210{margin-top: 5rem !important;margin-bottom: 5rem !important;border-radius: 30px !important;}\u00a0\u00bb][vc_column width=\u00a0\u00bb1\/2&Prime; is_half=\u00a0\u00bbyes\u00a0\u00bb is_half_right=\u00a0\u00bbyes\u00a0\u00bb conditional_render=\u00a0\u00bb%5B%7B%22value_role%22%3A%22customer%22%7D%5D\u00a0\u00bb css=\u00a0\u00bb.vc_custom_1698393334310{background: #e3e3e3 url(https:\/\/www.portotheme.com\/wordpress\/porto\/shortcodes\/wp-content\/uploads\/sites\/32\/2023\/10\/bright_squares.png?id=5889) !important;background-position: center !important;background-repeat: no-repeat !important;background-size: cover !important;}\u00a0\u00bb]<div class=\"porto-u-heading my-5  wpb_custom_95aa9a11c17ad45cfabaf210d84ee7cc porto-u-ad87e2eaf3f9c495180fe0156ddf3eb0 \"><div class=\"porto-u-main-heading\"><h2  >Paysages frioulans<\/h2><\/div><div class=\"porto-u-sub-heading\" style=\"\">Des tr\u00e9sors \u00e0 d\u00e9couvrir \u00e0 quelques pas de San Daniele del Friuli<\/div><style>.porto-u-ad87e2eaf3f9c495180fe0156ddf3eb0.porto-u-heading{text-align:left}<\/style><\/div>[\/vc_column][vc_column width=\u00a0\u00bb1\/2&Prime;]<div class=\"porto-carousel owl-carousel has-ccols ccols-xl-1 ccols-lg-1 ccols-md-1 ccols-sm-1 ccols-1 nav-inside-half-section mb-0 wpb_custom_c7afec8650ead38cdb4cd8050580c763 custom-pos\" data-plugin-options=\"{&quot;themeConfig&quot;:true,&quot;stagePadding&quot;:0,&quot;margin&quot;:0,&quot;autoplay&quot;:false,&quot;mouseDrag&quot;:true,&quot;touchDrag&quot;:true,&quot;autoplayTimeout&quot;:5000,&quot;autoplayHoverPause&quot;:false,&quot;items&quot;:1,&quot;xl&quot;:1,&quot;lg&quot;:1,&quot;md&quot;:1,&quot;sm&quot;:1,&quot;xs&quot;:1,&quot;nav&quot;:&quot;yes&quot;,&quot;dots&quot;:false,&quot;animateIn&quot;:&quot;&quot;,&quot;animateOut&quot;:&quot;&quot;,&quot;loop&quot;:&quot;yes&quot;,&quot;center&quot;:false,&quot;video&quot;:false,&quot;lazyLoad&quot;:false,&quot;fullscreen&quot;:false}\">[vc_single_image image=\u00a0\u00bb5968&Prime; img_size=\u00a0\u00bbfull\u00a0\u00bb css=\u00a0\u00bb\u00a0\u00bb css_params=\u00a0\u00bb\u00a0\u00bb][vc_single_image image=\u00a0\u00bb5977&Prime; img_size=\u00a0\u00bbfull\u00a0\u00bb css=\u00a0\u00bb\u00a0\u00bb css_params=\u00a0\u00bb\u00a0\u00bb][vc_single_image image=\u00a0\u00bb5978&Prime; img_size=\u00a0\u00bbfull\u00a0\u00bb css=\u00a0\u00bb\u00a0\u00bb css_params=\u00a0\u00bb\u00a0\u00bb]<\/div>[\/vc_column][\/vc_row][vc_row el_id=\u00a0\u00bbsd_list_luoghi\u00a0\u00bb conditional_render=\u00a0\u00bb%5B%7B%22value_role%22%3A%22administrator%22%7D%5D\u00a0\u00bb css_params=\u00a0\u00bb\u00a0\u00bb css=\u00a0\u00bb.vc_custom_1769251570687{border-radius: 30px !important;}\u00a0\u00bb][vc_column][vc_custom_heading text=\u00a0\u00bb\u00a0\u00bb font_container=\u00a0\u00bbtag:h3|font_size:1.5em|text_align:left\u00a0\u00bb use_theme_fonts=\u00a0\u00bbyes\u00a0\u00bb letter_spacing=\u00a0\u00bb-1.05px\u00a0\u00bb css=\u00a0\u00bb.vc_custom_1770835144281{margin-top: 40px !important;margin-bottom: 24px !important;}\u00a0\u00bb css_params=\u00a0\u00bb\u00a0\u00bb][vc_column_text css=\u00a0\u00bb\u00a0\u00bb css_params=\u00a0\u00bb\u00a0\u00bb]<style>\n   \n<\/style>\n    <div id=\"sDfiltro-sd-luogo\" data-id-form=\"sDfiltro-sd-luogo\" \n        class=\"container-fluid mb-5 sd-filter-collection\" style=\"box-shadow:0px 5px 20px 0px #0000001a;border-radius:2rem;\">\n        <div class=\"container-fluid\">\n            <div class=\"row d-flex justify-content-center align-items-center\" >\n                <!--primer filtro TERM 1-->\n                                    <div class=\"col-md-4 \">\n                        \n                       <div class=\"form-group mb-0 mt-2 mt-md-0 mx-2\" style=\"flex-basis: 0;flex-grow: 1;\">\n                             <!-- trigger mobile filtro 1-->\n                            <button \n                                type=\"button\"\n                                class=\"sd-filter-toggle mb-3 mb-md-0\"\n                                data-target=\"filter-tipo-luogo\">\n                                <span>Tous les lieux<\/span><i class=\"fa-solid fa-bars\"><\/i>\n                            <\/button>\n                            <!-- \/trigger mobile filtro 1-->\n                            <ul class=\"sd-terms-list sd-terms-list-collection py-1\" id=\"filter-tipo-luogo\" data-taxonomy1=\"tipo_luogo_sd\">\n                                <li class=\"sd-term-item-1 sd-term-item active\" data-value=\"\">Tous les lieux...<\/li>\n                                                                    <li class=\"sd-term-item-1 sd-term-item\" data-value=\"361\">\n                                        En plein air                                    <\/li>\n                                                            <\/ul>\n\n                        <\/div>\n                                            \n                    <\/div>\n                 \n                <!--segundo filtro TERM 2-->\n                 \n                <!--order asc\/desc -->                   \n                <div class=\"col-6 col-md-auto mb-2 mb-md-0\">\n                        <div class=\"form-group orderby-field mb-0 mt-2 mt-md-0 pt-2 mx-2 sd-togglebuttons text-center\">\n                            <span class=\"sd-radio-item first\">            \n                                <label class=\"custom-radio\">\n\n                                    <input type=\"radio\" name=\"order_filter\"  value=\"ASC\"   data-orderby=\"ASC\"  checked\/> \n                                    <span class=\"sd-list-item-label\"><svg class=\"sd-order-arrows\" xmlns=\"http:\/\/www.w3.org\/2000\/svg\" viewBox=\"0 0 640 640\"><!--!Font Awesome Free v7.1.0 by @fontawesome - https:\/\/fontawesome.com License - https:\/\/fontawesome.com\/license\/free Copyright 2026 Fonticons, Inc.--><path d=\"M342.6 41.4C330.1 28.9 309.8 28.9 297.3 41.4L169.3 169.4C156.8 181.9 156.8 202.2 169.3 214.7C181.8 227.2 202.1 227.2 214.6 214.7L288 141.3L288 576C288 593.7 302.3 608 320 608C337.7 608 352 593.7 352 576L352 141.3L425.4 214.7C437.9 227.2 458.2 227.2 470.7 214.7C483.2 202.2 483.2 181.9 470.7 169.4L342.7 41.4z\"\/><\/svg><\/span>\n\n                                <\/label>\n                            <\/span>\n                            <span class=\"sd-radio-item last\">             \n                                <label class=\"custom-radio\">\n\n                                    <input type=\"radio\" name=\"order_filter\"  value=\"DESC\" data-orderby=\"DESC\" \/> \n                                     <span class=\"sd-list-item-label\"><svg class=\"sd-order-arrows\" xmlns=\"http:\/\/www.w3.org\/2000\/svg\" viewBox=\"0 0 640 640\"><!--!Font Awesome Free v7.1.0 by @fontawesome - https:\/\/fontawesome.com License - https:\/\/fontawesome.com\/license\/free Copyright 2026 Fonticons, Inc.--><path d=\"M297.4 598.6C309.9 611.1 330.2 611.1 342.7 598.6L470.7 470.6C483.2 458.1 483.2 437.8 470.7 425.3C458.2 412.8 437.9 412.8 425.4 425.3L352 498.7L352 64C352 46.3 337.7 32 320 32C302.3 32 288 46.3 288 64L288 498.7L214.6 425.3C202.1 412.8 181.8 412.8 169.3 425.3C156.8 437.8 156.8 458.1 169.3 470.6L297.3 598.6z\"\/><\/svg><\/span>\n\n                                <\/label>\n                            <\/span>\n                        <\/div>\n                    <\/div>\n                <div class=\"col-6 col-md-auto\">\n                    <button type=\"button\" id=\"clear-filters\" class=\"btn btn-outline-secondary\">\n                        Effacer les filtres                    <\/button>                  \n                    <!-- ANTES LOS IDS Y los NAME eran: \"tax\", \"tax2\" TODO:  --> \n                    <input type=\"hidden\" id=\"tax1\" name=\"tax1\" value=\"tipo_luogo_sd\">\n                    <input type=\"hidden\" id=\"tax2\" name=\"tax2\" value=\"\">\n                    <input type=\"hidden\" id=\"term_taxonomy1\" name=\"term_taxonomy1\" value=\"\">\n                    <input type=\"hidden\" id=\"term_taxonomy2\" name=\"term_taxonomy2\" value=\"\">\n                     <!--todo lo referente a $filter_values NO FUNCIONA TODAVIA -->                    \n                    <input type=\"hidden\" id=\"cpt\" name=\"cpt\" value=\"sd-luogo\">\n                    <input type=\"hidden\" id=\"current_page\" name=\"current_page\" value=\"1\">\n                    <input type=\"hidden\" id=\"per_page\" name=\"per_page\" value=\"3\">\n                                            <input type=\"hidden\" id=\"extra_filter_args\" name=\"extra_filter_args\"\n                            value='{\"taxonomy\":\"zona_sd\",\"field\":\"term_id\",\"terms\":[397],\"operator\":\"IN\"}'>\n                    \n                <\/div>  \n            <\/div>\n        <\/div>\n    <\/div>\n\n<div class=\"sd-container-filter sd-container-filterByTaxonomy porto-posts-grid porto-posts-grid-75121fa532f6c490d02770d2b728412e  wpb_custom_07413601b9a6cec683b963f71585721d porto-ajax-load load-infinite porto-portfoliosgep4\">\n        <div class=\"bounce-loader\">\n            <div class=\"bounce1\"><\/div>\n            <div class=\"bounce2\"><\/div>\n            <div class=\"bounce3\"><\/div>\n        <\/div>\n        \n\n        <div id=\"ajax-results\" class=\"posts-wrap portfolios-container has-ccols ccols-md-2 ccols-lg-3 ccols-1 has-ccols-spacing\" data-sort-id=\"sd-luogo\">\n        <!-- Aqu\u00ed se inyectar\u00e1n los posts -->\n                             <div class=\"sd-collection-item porto-tb-item  porto-block post-6026 sd-luogo  status-publish has-post-thumbnail hentry  has-pb-edit\" data-bs-original-title=\"\" title=\"\">\n                        <div class=\"porto-section cs-portfolio-2 position-relative meta-absolute porto-gb-283a3010ab7413976c0cab09150dbc70 fadeInUp animated\">\n                            <div class=\"porto-tb-featured-image tb-image-type-default porto-img-zoom mb-3 porto-gb-a37fc651c69fd6e19d060a70a3e436dd\" data-title=\"biotope d&rsquo;eau tomb\u00e9e\">\n                                <div class=\"img-thumbnail\">\n                                    <img width=\"344\" height=\"345\" src=\"https:\/\/visitsandaniele.it\/wp-content\/plugins\/san-daniele\/sd-assets\/imgs\/cosa-vedere.jpg\" class=\"img-responsive\" alt=\"\" decoding=\"async\" loading=\"lazy\">\n                                <\/div>\n                                <div class=\"tb-hover-content\">\n                                    \n                                <\/div>\n                            <\/div>\n\n                            <div class=\"porto-section porto-gb-1e6f8980c2c385fb52e2f9aaea8088e9 sd-section-info\">\n                                \n                                <span class=\"porto-tb-meta tb-meta-portfolio_cat mb-1 d-block porto-gb-ac01f3776a939f9cfa7fc3cd16ec9cdb\"><\/span>\n                                <h3 class=\"porto-heading mb-2 porto-gb-5785bf447b474405b9742d67027e5cec post-title\" >\n                                    <a aria-label=\"Post Title\" href=\"https:\/\/visitsandaniele.it\/fr\/sd-luogo\/biotope-deau-tombee\/\" >biotope d&rsquo;eau tomb\u00e9e<\/a>\n                                <\/h3>\n                                             <div class=\" flex-container align-items-center justify-content-start \">\n                <a aria-label=\"button\" class=\" porto-gb-5258a54ecd305266b1a93e840aa7dcac \" \n                   href=\"https:\/\/visitsandaniele.it\/fr\/sd-luogo\/biotope-deau-tombee\/\"\n                                                            target=\"_self\"                      >\n                    <span>Details anzeigen<\/span>\n                <\/a>\n                <a aria-label=\"button\" class=\"btn btn-md btn-light btn-icon btn-icon-only porto-gb-ec8dc805096a759011c458c54689577b\" href=\"https:\/\/visitsandaniele.it\/fr\/sd-luogo\/biotope-deau-tombee\/\"\n                                                            target=\"_self\"                      \n                    style=\"\n                        width: 3.125rem;\n                        height: 3.125rem;\n                        margin-left: 2.25rem;\n                        line-height: 3.125rem;\n                        border-radius: 50%;\n                        box-shadow: 0 12px 45px rgba(0, 0, 0, 0.08);\n                        text-align: center;\n                        font-size: 1.125rem;\n                    \">\n                    <i class=\"fa-solid fa-arrow-right\"><\/i><span><\/span>\n                <\/a>\n            <\/div>\n        \n                            <\/div>\n                            \n                        <\/div>\n                        <div class=\" d-inline-block sd-custom-icon sd-featured-svg appear-animation fadeInUp appear-animation-visible\" \n                            data-appear-animation-delay=\"200\"\n                            style=\"position:absolute;top:2rem;left:1.5rem;z-index:222;width:60px;height:60px; animation-delay: 200ms;background-color:var(--porto-secondary-color);border-radius:50%;padding:5px\">\n                                 <?xml version=\"1.0\" encoding=\"UTF-8\"?>\n<svg id=\"Livello_1\" data-name=\"Livello 1\" xmlns=\"http:\/\/www.w3.org\/2000\/svg\" viewBox=\"0 0 141.73 141.73\" class=\"sd-general-icon\">\n  <defs>\n    <style>\n      .cls-1 {\n        fill: #1d1d1b;\n      }\n    <\/style>\n  <\/defs>\n  <g>\n    <path class=\"cls-1\" d=\"M94.89,120.41s-.09,0-.13,0c-5.85-.5-10.49-2.73-13.78-6.65-7.62-9.06-6.23-24.65-5.41-33.97l.14-1.59c.99-11.62,11.24-20.26,22.86-19.29,9.46.8,16.5,9.15,15.7,18.61-.32,3.75-2.08,7.14-4.95,9.57-2.87,2.42-6.51,3.58-10.27,3.27-6.35-.54-11.08-6.14-10.54-12.5.22-2.54,1.41-4.85,3.36-6.49,1.95-1.64,4.42-2.42,6.96-2.22,2.11.18,4.03,1.17,5.4,2.79,1.37,1.62,2.02,3.68,1.84,5.79-.15,1.77-.98,3.38-2.34,4.52-1.36,1.15-3.08,1.68-4.85,1.54-1.5-.13-2.85-.83-3.82-1.98-.97-1.15-1.43-2.6-1.31-4.1.22-2.64,2.54-4.59,5.18-4.38,1.1.09,2.1.61,2.81,1.46s1.05,1.92.96,3.02c-.07.83-.82,1.41-1.62,1.37-.83-.07-1.44-.8-1.37-1.62.03-.3-.07-.6-.26-.83s-.47-.37-.77-.4c-.99-.1-1.86.65-1.94,1.64-.06.7.16,1.38.61,1.91.45.53,1.08.86,1.78.92.98.09,1.92-.22,2.66-.85.75-.63,1.2-1.51,1.28-2.48.11-1.31-.29-2.59-1.15-3.6-.85-1.01-2.04-1.62-3.36-1.74-1.74-.15-3.44.39-4.78,1.52-1.34,1.13-2.15,2.71-2.3,4.45-.4,4.7,3.1,8.85,7.81,9.25,2.94.25,5.82-.66,8.08-2.57,2.26-1.91,3.64-4.58,3.89-7.53.32-3.78-.85-7.47-3.3-10.37-2.45-2.9-5.88-4.68-9.67-5-9.96-.86-18.77,6.58-19.62,16.55l-.14,1.6c-.79,8.85-2.1,23.67,4.72,31.77,2.8,3.33,6.64,5.16,11.74,5.59.83.07,1.44.8,1.37,1.62-.07.78-.72,1.37-1.49,1.37Z\"\/>\n    <path class=\"cls-1\" d=\"M46.84,120.41c-.77,0-1.43-.59-1.49-1.37-.07-.83.54-1.55,1.37-1.62,5.1-.43,8.94-2.26,11.74-5.59,6.81-8.11,5.5-22.92,4.71-31.77l-.14-1.61c-.41-4.83-2.67-9.21-6.38-12.34-3.71-3.13-8.41-4.63-13.24-4.21-7.81.66-13.63,7.55-12.97,15.37.25,2.95,1.63,5.62,3.89,7.53,2.26,1.91,5.14,2.83,8.08,2.57,4.7-.4,8.21-4.55,7.81-9.25-.3-3.6-3.5-6.3-7.08-5.97-1.31.11-2.51.73-3.36,1.74-.85,1.01-1.26,2.29-1.15,3.6.17,2.01,1.93,3.52,3.95,3.33.7-.06,1.33-.39,1.78-.92.45-.54.67-1.21.61-1.91-.04-.48-.26-.91-.63-1.22s-.83-.47-1.31-.42c-.62.05-1.09.6-1.04,1.23.07.83-.54,1.55-1.37,1.62-.82.04-1.55-.54-1.62-1.37-.09-1.1.25-2.17.96-3.02s1.71-1.36,2.81-1.46c1.27-.1,2.52.29,3.5,1.11.98.83,1.58,1.98,1.69,3.26.13,1.5-.34,2.95-1.3,4.1-.97,1.15-2.33,1.85-3.82,1.98-3.65.29-6.88-2.41-7.19-6.07-.37-4.36,2.88-8.21,7.24-8.58,5.24-.43,9.88,3.46,10.32,8.71.54,6.35-4.19,11.96-10.54,12.5-3.74.32-7.39-.84-10.27-3.27-2.87-2.42-4.63-5.82-4.95-9.57-.8-9.46,6.25-17.81,15.71-18.61,5.63-.47,11.11,1.27,15.42,4.91,4.32,3.64,6.96,8.75,7.43,14.38l.14,1.59c.83,9.32,2.21,24.91-5.41,33.97-3.29,3.92-7.93,6.15-13.78,6.65-.04,0-.09,0-.13,0Z\"\/>\n  <\/g>\n  <path class=\"cls-1\" d=\"M68.33,77.89h0c-.83,0-1.5-.68-1.49-1.51.01-2.58,0-8.33,0-14.41v-9.37c0-6.04-4.92-10.95-10.96-10.95-4.67,0-8.46,3.79-8.46,8.46,0,3.57,2.9,6.47,6.47,6.47,2.69,0,4.88-2.19,4.88-4.88,0-1.98-1.62-3.6-3.6-3.6-1.42,0-2.58,1.16-2.58,2.58,0,.97.79,1.76,1.76,1.76.83,0,1.5.67,1.5,1.5s-.67,1.5-1.5,1.5c-2.63,0-4.76-2.14-4.76-4.76,0-3.08,2.5-5.58,5.58-5.58,3.64,0,6.6,2.96,6.6,6.6,0,4.34-3.53,7.88-7.88,7.88-5.22,0-9.47-4.25-9.47-9.47,0-6.32,5.14-11.46,11.46-11.46,7.69,0,13.95,6.26,13.95,13.95v9.37c0,6.09.01,11.84,0,14.43,0,.83-.68,1.49-1.5,1.49Z\"\/>\n  <path class=\"cls-1\" d=\"M73.4,77.89c-.82,0-1.5-.67-1.5-1.49-.01-2.58,0-8.34,0-14.43v-9.37c0-7.69,6.26-13.95,13.96-13.95,6.32,0,11.46,5.14,11.46,11.46,0,5.22-4.25,9.47-9.47,9.47-4.34,0-7.88-3.53-7.88-7.88,0-3.64,2.96-6.6,6.6-6.6,3.08,0,5.58,2.5,5.58,5.58,0,2.63-2.14,4.76-4.76,4.76-.83,0-1.5-.67-1.5-1.5s.67-1.5,1.5-1.5c.97,0,1.76-.79,1.76-1.76,0-1.42-1.16-2.58-2.58-2.58-1.98,0-3.6,1.62-3.6,3.6,0,2.69,2.19,4.88,4.88,4.88,3.57,0,6.47-2.9,6.47-6.47,0-4.67-3.8-8.46-8.46-8.46-6.04,0-10.95,4.91-10.95,10.95v9.37c0,6.08-.01,11.83,0,14.41,0,.83-.66,1.5-1.49,1.51h0Z\"\/>\n  <path class=\"cls-1\" d=\"M73.23,41.65c-.46,0-.92-.22-1.22-.62-4.51-6.23-3.1-14.97,3.13-19.48,5.12-3.7,12.3-2.55,16,2.57,3.06,4.23,2.11,10.16-2.12,13.22-3.52,2.54-8.45,1.75-11-1.77-2.13-2.95-1.47-7.08,1.48-9.22,2.49-1.8,5.99-1.24,7.79,1.25,1.54,2.13,1.06,5.11-1.07,6.65-.67.48-1.61.33-2.09-.34-.49-.67-.33-1.61.34-2.09.79-.57.96-1.67.4-2.46-.83-1.15-2.45-1.41-3.6-.58-.78.56-1.29,1.4-1.44,2.35s.07,1.9.64,2.68c1.58,2.18,4.63,2.67,6.81,1.09,2.89-2.09,3.54-6.14,1.45-9.03-2.73-3.78-8.03-4.63-11.81-1.9-4.89,3.54-5.99,10.4-2.46,15.29.49.67.33,1.61-.34,2.09-.27.19-.57.28-.88.28Z\"\/>\n  <path class=\"cls-1\" d=\"M68.5,41.65c-.3,0-.61-.09-.88-.28-.67-.49-.82-1.42-.34-2.09,3.54-4.89,2.44-11.75-2.46-15.29-3.78-2.74-9.08-1.88-11.81,1.9-1.01,1.4-1.42,3.11-1.15,4.82.27,1.71,1.2,3.2,2.6,4.21,2.18,1.58,5.23,1.09,6.81-1.09.56-.78.79-1.73.64-2.68-.15-.95-.67-1.78-1.45-2.35-.56-.4-1.24-.57-1.92-.46-.68.11-1.28.48-1.68,1.04-.57.79-.39,1.89.4,2.46.67.49.82,1.42.33,2.09-.48.67-1.42.82-2.09.33-2.13-1.54-2.61-4.52-1.07-6.65.87-1.21,2.17-2,3.64-2.24,1.48-.24,2.95.12,4.15.99,2.95,2.13,3.61,6.27,1.48,9.22-2.55,3.52-7.48,4.31-11,1.77-2.05-1.48-3.4-3.67-3.8-6.17-.4-2.5.19-5,1.68-7.05,3.7-5.12,10.88-6.27,16-2.57,6.23,4.51,7.64,13.25,3.13,19.48-.29.41-.75.62-1.22.62Z\"\/>\n<\/svg>                        <\/div>\n                    <\/div>\n                        <\/div>\n    <div class=\"clearfix\"><\/div>\n    <div id=\"ajax-pagination\" class=\"text-center mt-4\">\n            <\/div>\n    \n<\/div>\n[\/vc_column_text][\/vc_column][\/vc_row]<\/p>\n<\/div>","protected":false},"excerpt":{"rendered":"<p>[vc_row wrap_container=\u00a0\u00bbyes\u00a0\u00bb css=\u00a0\u00bb.vc_custom_1767953680271{margin-right: 16px !important;margin-bottom: 4.5rem !important;margin-left: 16px !important;padding-top: 2.85rem !important;padding-right: 0px !important;padding-left: 0px !important;border-radius: 10px !important;}\u00a0\u00bb conditional_render=\u00a0\u00bb%5B%7B%22value_role%22%3A%22administrator%22%7D%5D\u00a0\u00bb css_params=\u00a0\u00bb\u00a0\u00bb el_class=\u00a0\u00bboverflow-hidden\u00a0\u00bb][vc_column css=\u00a0\u00bb.vc_custom_1736705149819{padding-right: 0px !important;padding-left: 0px !important;}\u00a0\u00bb conditional_render=\u00a0\u00bb%5B%7B%22value_role%22%3A%22administrator%22%7D%5D\u00a0\u00bb css_params=\u00a0\u00bb\u00a0\u00bb][vc_custom_heading text=\u00a0\u00bbSan Daniele del Friuli et ses environs\u00a0\u00bb font_container=\u00a0\u00bbtag:h3|text_align:left\u00a0\u00bb use_theme_fonts=\u00a0\u00bbyes\u00a0\u00bb animation_delay=\u00a0\u00bb200&Prime; css=\u00a0\u00bb.vc_custom_1770834818182{margin-top: 52px !important;margin-bottom: 27px !important;}\u00a0\u00bb animation_type=\u00a0\u00bbfadeInUp\u00a0\u00bb css_params=\u00a0\u00bb{\u00ab\u00a0css_margin_top_md\u00ab\u00a0:\u00ab\u00a045px\u00ab\u00a0}\u00a0\u00bb custom_css_response=\u00a0\u00bb@media(max-width:767px){.vc_custom_1770834818182{margin-top:45px!important;}}\u00a0\u00bb][vc_separator color=\u00a0\u00bbcustom\u00a0\u00bb align=\u00a0\u00bbalign_left\u00a0\u00bb border_width=\u00a0\u00bb3&Prime; css_animation=\u00a0\u00bbfadeInUp\u00a0\u00bb type=\u00a0\u00bbsmall\u00a0\u00bb gap=\u00a0\u00bbshort\u00a0\u00bb accent_color=\u00a0\u00bbvar(&#8211;porto-primary-color)\u00a0\u00bb][vc_custom_heading text=\u00a0\u00bb\u00c0 quelques pas [&hellip;]<\/p>\n","protected":false},"author":1,"featured_media":5977,"parent":0,"menu_order":0,"comment_status":"closed","ping_status":"closed","template":"","meta":{"footnotes":""},"class_list":["post-5979","page","type-page","status-publish","has-post-thumbnail","hentry"],"_links":{"self":[{"href":"https:\/\/visitsandaniele.it\/fr\/wp-json\/wp\/v2\/pages\/5979","targetHints":{"allow":["GET"]}}],"collection":[{"href":"https:\/\/visitsandaniele.it\/fr\/wp-json\/wp\/v2\/pages"}],"about":[{"href":"https:\/\/visitsandaniele.it\/fr\/wp-json\/wp\/v2\/types\/page"}],"author":[{"embeddable":true,"href":"https:\/\/visitsandaniele.it\/fr\/wp-json\/wp\/v2\/users\/1"}],"replies":[{"embeddable":true,"href":"https:\/\/visitsandaniele.it\/fr\/wp-json\/wp\/v2\/comments?post=5979"}],"version-history":[{"count":0,"href":"https:\/\/visitsandaniele.it\/fr\/wp-json\/wp\/v2\/pages\/5979\/revisions"}],"wp:featuredmedia":[{"embeddable":true,"href":"https:\/\/visitsandaniele.it\/fr\/wp-json\/wp\/v2\/media\/5977"}],"wp:attachment":[{"href":"https:\/\/visitsandaniele.it\/fr\/wp-json\/wp\/v2\/media?parent=5979"}],"curies":[{"name":"wp","href":"https:\/\/api.w.org\/{rel}","templated":true}]}}