{"id":5980,"date":"2024-12-30T02:27:41","date_gmt":"2024-12-30T01:27:41","guid":{"rendered":"https:\/\/visitsandaniele.it\/contact\/"},"modified":"2026-04-12T11:45:45","modified_gmt":"2026-04-12T09:45:45","slug":"contact","status":"publish","type":"page","link":"https:\/\/visitsandaniele.it\/fr\/contact\/","title":{"rendered":"Contact"},"content":{"rendered":"<div class=\"wpb-content-wrapper\"><p>[vc_row wrap_container=\u00a0\u00bbyes\u00a0\u00bb css=\u00a0\u00bb.vc_custom_1770979496597{margin-top: 4.5rem !important;margin-bottom: 4.5rem !important;}\u00a0\u00bb conditional_render=\u00a0\u00bb%5B%7B%22value_role%22%3A%22administrator%22%7D%5D\u00a0\u00bb css_params=\u00a0\u00bb\u00a0\u00bb][vc_column width=\u00a0\u00bb5\/6&Prime; offset=\u00a0\u00bbvc_col-md-offset-0 vc_col-md-12 vc_col-sm-offset-1&Prime; conditional_render=\u00a0\u00bb%5B%7B%22value_role%22%3A%22administrator%22%7D%5D\u00a0\u00bb css_params=\u00a0\u00bb\u00a0\u00bb]<div class=\"porto-u-heading  wpb_custom_3a389ccb51879219a38406e556fd4048 porto-u-55ca8359258f9a412be7e73af65d2aac  vc_custom_1773332340726\" data-appear-animation=\"fadeInUp\" data-appear-animation-delay=\"200\"><div class=\"porto-u-main-heading\"><h3  >Vous avez des questions ? Contactez-nous<\/h3><\/div><style>.porto-u-55ca8359258f9a412be7e73af65d2aac.porto-u-heading{text-align:center}<\/style><\/div>[\/vc_column][\/vc_row][vc_row wrap_container=\u00a0\u00bbyes\u00a0\u00bb css=\u00a0\u00bb.vc_custom_1736893168118{margin-bottom: 2.05rem !important;}\u00a0\u00bb conditional_render=\u00a0\u00bb%5B%7B%22value_role%22%3A%22administrator%22%7D%5D\u00a0\u00bb css_params=\u00a0\u00bb\u00a0\u00bb][vc_column width=\u00a0\u00bb1\/4&Prime; offset=\u00a0\u00bbvc_col-md-offset-0 vc_col-md-2 vc_col-sm-offset-1&Prime; conditional_render=\u00a0\u00bb%5B%7B%22value_role%22%3A%22administrator%22%7D%5D\u00a0\u00bb css_params=\u00a0\u00bb{\u00ab\u00a0css_margin_bottom_lg\u00ab\u00a0:\u00ab\u00a03rem\u00ab\u00a0}\u00a0\u00bb css=\u00a0\u00bb.vc_custom_1775986911282{porto_vc_design_option}\u00a0\u00bb custom_css_response=\u00a0\u00bb@media(max-width:991px){.vc_custom_1775986911282{margin-bottom:3rem!important;}}\u00a0\u00bb][\/vc_column][vc_column width=\u00a0\u00bb1\/2&Prime; offset=\u00a0\u00bbvc_col-md-offset-0 vc_col-md-8 vc_col-sm-offset-1&Prime; conditional_render=\u00a0\u00bb%5B%7B%22value_role%22%3A%22administrator%22%7D%5D\u00a0\u00bb css_params=\u00a0\u00bb\u00a0\u00bb][vc_custom_heading text=\u00a0\u00bbNous sommes toujours disponibles pour tout conseil, information et suggestion. \u00c9crivez-nous ou appelez-nous : nous vous guiderons pour d\u00e9couvrir au mieux l\u2019excellence de notre r\u00e9gion et les exp\u00e9riences uniques qui vous attendent \u00e0 San Daniele.\u00a0\u00bb font_container=\u00a0\u00bbtag:p|text_align:center|line_height:1.8em\u00a0\u00bb use_theme_fonts=\u00a0\u00bbyes\u00a0\u00bb letter_spacing=\u00a0\u00bb-0.015em\u00a0\u00bb animation_delay=\u00a0\u00bb400&Prime; css=\u00a0\u00bb.vc_custom_1775986952228{margin-bottom: 1rem !important;}\u00a0\u00bb css_params=\u00a0\u00bb\u00a0\u00bb animation_type=\u00a0\u00bbfadeInUp\u00a0\u00bb][\/vc_column][vc_column width=\u00a0\u00bb1\/4&Prime; offset=\u00a0\u00bbvc_col-md-offset-0 vc_col-md-2 vc_col-sm-offset-1&Prime; conditional_render=\u00a0\u00bb%5B%7B%22value_role%22%3A%22administrator%22%7D%5D\u00a0\u00bb css_params=\u00a0\u00bb\u00a0\u00bb][\/vc_column][\/vc_row][vc_row wrap_container=\u00a0\u00bbyes\u00a0\u00bb content_placement=\u00a0\u00bbmiddle\u00a0\u00bb conditional_render=\u00a0\u00bb%5B%7B%22value_role%22%3A%22administrator%22%7D%5D\u00a0\u00bb css_params=\u00a0\u00bb\u00a0\u00bb css=\u00a0\u00bb.vc_custom_1770981066872{margin-bottom: 1rem !important;padding-top: 2rem !important;padding-right: 10px !important;padding-bottom: 2rem !important;padding-left: 10px !important;border-radius: 35px !important;border-color: var(&#8211;porto-secondary-color) !important;}\u00a0\u00bb el_class=\u00a0\u00bbsd-row-form\u00a0\u00bb][vc_column width=\u00a0\u00bb5\/6&Prime; offset=\u00a0\u00bbvc_col-md-offset-0 vc_col-md-8 vc_col-sm-offset-1&Prime; conditional_render=\u00a0\u00bb%5B%7B%22value_role%22%3A%22administrator%22%7D%5D\u00a0\u00bb css_params=\u00a0\u00bb{\u00ab\u00a0css_margin_bottom_lg\u00ab\u00a0:\u00ab\u00a03rem\u00ab\u00a0}\u00a0\u00bb css=\u00a0\u00bb.vc_custom_1775986998937{porto_vc_design_option}\u00a0\u00bb custom_css_response=\u00a0\u00bb@media(max-width:991px){.vc_custom_1775986998937{margin-bottom:3rem!important;}}\u00a0\u00bb el_class=\u00a0\u00bbmx-auto\u00a0\u00bb]<div class=\"porto-u-heading  wpb_custom_ef7029ac3e3586a26af829e61d379d76 porto-u-ad87e2eaf3f9c495180fe0156ddf3eb0  vc_custom_1770978237423\"><div class=\"porto-u-main-heading\"><h3  >Formulaire de contact<\/h3><\/div><style>.porto-u-ad87e2eaf3f9c495180fe0156ddf3eb0.porto-u-heading{text-align:left}<\/style><\/div><div class=\"wpb_custom_61f31c97cfd490ae7836eed2bcad74fb home-contact\">\n<div class=\"wpcf7 no-js\" id=\"wpcf7-f5982-o1\" lang=\"fr-FR\" dir=\"ltr\" data-wpcf7-id=\"5982\">\n<div class=\"screen-reader-response\"><p role=\"status\" aria-live=\"polite\" aria-atomic=\"true\"><\/p> <ul><\/ul><\/div>\n<form action=\"\/fr\/wp-json\/wp\/v2\/pages\/5980#wpcf7-f5982-o1\" method=\"post\" class=\"wpcf7-form init\" aria-label=\"Formulaire de contact\" novalidate=\"novalidate\" data-status=\"init\">\n<fieldset class=\"hidden-fields-container\"><input type=\"hidden\" name=\"_wpcf7\" value=\"5982\" \/><input type=\"hidden\" name=\"_wpcf7_version\" value=\"6.1.5\" \/><input type=\"hidden\" name=\"_wpcf7_locale\" value=\"fr_FR\" \/><input type=\"hidden\" name=\"_wpcf7_unit_tag\" value=\"wpcf7-f5982-o1\" \/><input type=\"hidden\" name=\"_wpcf7_container_post\" value=\"0\" \/><input type=\"hidden\" name=\"_wpcf7_posted_data_hash\" value=\"\" \/><input type=\"hidden\" name=\"_wpcf7cf_hidden_group_fields\" value=\"[]\" \/><input type=\"hidden\" name=\"_wpcf7cf_hidden_groups\" value=\"[]\" \/><input type=\"hidden\" name=\"_wpcf7cf_visible_groups\" value=\"[]\" \/><input type=\"hidden\" name=\"_wpcf7cf_repeaters\" value=\"[]\" \/><input type=\"hidden\" name=\"_wpcf7cf_steps\" value=\"{}\" \/><input type=\"hidden\" name=\"_wpcf7cf_options\" value=\"{&quot;form_id&quot;:5982,&quot;conditions&quot;:[{&quot;then_field&quot;:&quot;info-request&quot;,&quot;and_rules&quot;:[{&quot;if_field&quot;:&quot;radio-720&quot;,&quot;operator&quot;:&quot;equals&quot;,&quot;if_value&quot;:&quot;Demander des informations&quot;}]}],&quot;settings&quot;:{&quot;animation&quot;:&quot;yes&quot;,&quot;animation_intime&quot;:200,&quot;animation_outtime&quot;:200,&quot;conditions_ui&quot;:&quot;normal&quot;,&quot;notice_dismissed&quot;:false}}\" \/>\n<\/fieldset>\n<div class=\"row\">\n    <div class=\"form-group col-lg-6\">\n        <label class=\"form-label\">Pr\u00e9nom *<\/label>\n<span class=\"wpcf7-form-control-wrap\" data-name=\"text-804\"><input size=\"40\" maxlength=\"400\" class=\"wpcf7-form-control wpcf7-text wpcf7-validates-as-required\" aria-required=\"true\" aria-invalid=\"false\" placeholder=\"Entrez votre nom\" value=\"\" type=\"text\" name=\"text-804\" \/><\/span>\n    <\/div>\n    <div class=\"form-group col-lg-6\">\n        <label class=\"form-label\">Email *<\/label>\n<span class=\"wpcf7-form-control-wrap\" data-name=\"email-554\"><input size=\"40\" maxlength=\"400\" class=\"wpcf7-form-control wpcf7-email wpcf7-validates-as-required wpcf7-text wpcf7-validates-as-email\" aria-required=\"true\" aria-invalid=\"false\" placeholder=\"Entrez votre email\" value=\"\" type=\"email\" name=\"email-554\" \/><\/span>\n    <\/div>\n<\/div>\n<div class=\"row\">\n    <div class=\"form-group col-lg-12 switcher-group\">\n     <span class=\"wpcf7-form-control-wrap\" data-name=\"radio-720\"><span class=\"wpcf7-form-control wpcf7-radio\"><span class=\"wpcf7-list-item first\"><label><input type=\"radio\" name=\"radio-720\" value=\"Donner votre avis\" \/><span class=\"wpcf7-list-item-label\">Donner votre avis<\/span><\/label><\/span><span class=\"wpcf7-list-item last\"><label><input type=\"radio\" name=\"radio-720\" value=\"Demander des informations\" \/><span class=\"wpcf7-list-item-label\">Demander des informations<\/span><\/label><\/span><\/span><\/span>\n    <\/div>\n<\/div>\n\n<div data-id=\"info-request\" data-orig_data_id=\"info-request\" data-clear_on_hide class=\"\" data-class=\"wpcf7cf_group\"> \n<div class=\"row\">\n    <div class=\"form-group col-lg-12 switcher-group\">\n         <span class=\"wpcf7-form-control-wrap\" data-name=\"radio-800\"><span class=\"wpcf7-form-control wpcf7-radio\"><span class=\"wpcf7-list-item first\"><label><input type=\"radio\" name=\"radio-800\" value=\"Agence\/Tour op\u00e9rateur\" \/><span class=\"wpcf7-list-item-label\">Agence\/Tour op\u00e9rateur<\/span><\/label><\/span><span class=\"wpcf7-list-item last\"><label><input type=\"radio\" name=\"radio-800\" value=\"Priv\u00e9\" \/><span class=\"wpcf7-list-item-label\">Priv\u00e9<\/span><\/label><\/span><\/span><\/span>\n    <\/div>\n<\/div>\n<\/div>\n\t\t\n\t\t\t\t\t\t\t\n<div class=\"row\">\n    <div class=\"form-group col-lg-12\">\n        <label class=\"form-label\">Informations suppl\u00e9mentaires<\/label>\n<span class=\"wpcf7-form-control-wrap\" data-name=\"textarea-890\"><textarea cols=\"40\" rows=\"10\" maxlength=\"2000\" class=\"wpcf7-form-control wpcf7-textarea\" aria-invalid=\"false\" placeholder=\"Saisissez des informations ou des questions suppl\u00e9mentaires\" name=\"textarea-890\"><\/textarea><\/span> \n    <\/div>\n<\/div>\n\n<div class=\"row\">\n<div class=\"form-group col-lg-12 d-flex justify-content-around\">\n  \n<span>Lisez <a href=\"https:\/\/visitsandaniele.it\/fr\/politique-de-confidentialite\/#trat_mod_contatt\" target=\"_blank\">les informations<\/a><\/span>.\n<span class=\"wpcf7-form-control-wrap\" data-name=\"acceptance-privacy\"><span class=\"wpcf7-form-control wpcf7-acceptance\"><span class=\"wpcf7-list-item\"><label><input type=\"checkbox\" name=\"acceptance-privacy\" value=\"1\" aria-invalid=\"false\" \/><span class=\"wpcf7-list-item-label\"><span>J'accepte de fournir mes donn\u00e9es <\/span><\/span><\/label><\/span><\/span><\/span> \n<\/div>\n<\/div>\n\n<button class=\"btn btn-hover-text-effect hover-text-switch-up\" type=\"submit\"><span class=\"btn-text\" data-text=\"Envoyer\">Envoyer<\/span><i class=\"fas fa-arrow-right\" style=\"margin-left: 1.45rem;\"><\/i><\/button><div class=\"wpcf7-response-output\" aria-hidden=\"true\"><\/div>\n<\/form>\n<\/div>\n<\/div>[\/vc_column][vc_column width=\u00a0\u00bb5\/6&Prime; offset=\u00a0\u00bbvc_col-md-offset-0 vc_col-md-4 vc_col-sm-offset-1&Prime; conditional_render=\u00a0\u00bb%5B%7B%22value_role%22%3A%22administrator%22%7D%5D\u00a0\u00bb css_params=\u00a0\u00bb{\u00ab\u00a0css_padding_left_lg\u00ab\u00a0:\u00ab\u00a012px\u00ab\u00a0}\u00a0\u00bb css=\u00a0\u00bb.vc_custom_1775986982019{padding-left: 4.25% !important;}\u00a0\u00bb custom_css_response=\u00a0\u00bb@media(max-width:991px){.vc_custom_1775986982019{padding-left:12px!important;}}\u00a0\u00bb el_class=\u00a0\u00bbd-none\u00a0\u00bb][\/vc_column][\/vc_row]<\/p>\n<\/div>","protected":false},"excerpt":{"rendered":"<p>[vc_row wrap_container=\u00a0\u00bbyes\u00a0\u00bb css=\u00a0\u00bb.vc_custom_1770979496597{margin-top: 4.5rem !important;margin-bottom: 4.5rem !important;}\u00a0\u00bb conditional_render=\u00a0\u00bb%5B%7B%22value_role%22%3A%22administrator%22%7D%5D\u00a0\u00bb css_params=\u00a0\u00bb\u00a0\u00bb][vc_column width=\u00a0\u00bb5\/6&Prime; offset=\u00a0\u00bbvc_col-md-offset-0 vc_col-md-12 vc_col-sm-offset-1&Prime; conditional_render=\u00a0\u00bb%5B%7B%22value_role%22%3A%22administrator%22%7D%5D\u00a0\u00bb css_params=\u00a0\u00bb\u00a0\u00bb][\/vc_column][\/vc_row][vc_row wrap_container=\u00a0\u00bbyes\u00a0\u00bb css=\u00a0\u00bb.vc_custom_1736893168118{margin-bottom: 2.05rem !important;}\u00a0\u00bb conditional_render=\u00a0\u00bb%5B%7B%22value_role%22%3A%22administrator%22%7D%5D\u00a0\u00bb css_params=\u00a0\u00bb\u00a0\u00bb][vc_column width=\u00a0\u00bb1\/4&Prime; offset=\u00a0\u00bbvc_col-md-offset-0 vc_col-md-2 vc_col-sm-offset-1&Prime; conditional_render=\u00a0\u00bb%5B%7B%22value_role%22%3A%22administrator%22%7D%5D\u00a0\u00bb css_params=\u00a0\u00bb{\u00ab\u00a0css_margin_bottom_lg\u00ab\u00a0:\u00ab\u00a03rem\u00ab\u00a0}\u00a0\u00bb css=\u00a0\u00bb.vc_custom_1775986911282{porto_vc_design_option}\u00a0\u00bb custom_css_response=\u00a0\u00bb@media(max-width:991px){.vc_custom_1775986911282{margin-bottom:3rem!important;}}\u00a0\u00bb][\/vc_column][vc_column width=\u00a0\u00bb1\/2&Prime; offset=\u00a0\u00bbvc_col-md-offset-0 vc_col-md-8 vc_col-sm-offset-1&Prime; conditional_render=\u00a0\u00bb%5B%7B%22value_role%22%3A%22administrator%22%7D%5D\u00a0\u00bb css_params=\u00a0\u00bb\u00a0\u00bb][vc_custom_heading text=\u00a0\u00bbNous sommes toujours disponibles pour tout conseil, information et suggestion. \u00c9crivez-nous ou appelez-nous : nous vous guiderons pour d\u00e9couvrir au [&hellip;]<\/p>\n","protected":false},"author":1,"featured_media":0,"parent":0,"menu_order":0,"comment_status":"closed","ping_status":"closed","template":"","meta":{"footnotes":""},"class_list":["post-5980","page","type-page","status-publish","hentry"],"_links":{"self":[{"href":"https:\/\/visitsandaniele.it\/fr\/wp-json\/wp\/v2\/pages\/5980","targetHints":{"allow":["GET"]}}],"collection":[{"href":"https:\/\/visitsandaniele.it\/fr\/wp-json\/wp\/v2\/pages"}],"about":[{"href":"https:\/\/visitsandaniele.it\/fr\/wp-json\/wp\/v2\/types\/page"}],"author":[{"embeddable":true,"href":"https:\/\/visitsandaniele.it\/fr\/wp-json\/wp\/v2\/users\/1"}],"replies":[{"embeddable":true,"href":"https:\/\/visitsandaniele.it\/fr\/wp-json\/wp\/v2\/comments?post=5980"}],"version-history":[{"count":0,"href":"https:\/\/visitsandaniele.it\/fr\/wp-json\/wp\/v2\/pages\/5980\/revisions"}],"wp:attachment":[{"href":"https:\/\/visitsandaniele.it\/fr\/wp-json\/wp\/v2\/media?parent=5980"}],"curies":[{"name":"wp","href":"https:\/\/api.w.org\/{rel}","templated":true}]}}