{"id":5988,"date":"2025-05-12T08:36:24","date_gmt":"2025-05-12T06:36:24","guid":{"rendered":"https:\/\/visitsandaniele.it\/politique-de-confidentialite\/"},"modified":"2026-03-31T11:24:50","modified_gmt":"2026-03-31T09:24:50","slug":"politique-de-confidentialite","status":"publish","type":"page","link":"https:\/\/visitsandaniele.it\/fr\/politique-de-confidentialite\/","title":{"rendered":"Politique de confidentialit\u00e9"},"content":{"rendered":"<div class=\"wpb-content-wrapper\"><p>[vc_row][vc_column][vc_column_text css=\u00a0\u00bb\u00a0\u00bb css_params=\u00a0\u00bb\u00a0\u00bb]<strong>INFORMATION SUR LE TRAITEMENT DES DONN\u00c9ES PERSONNELLES <\/strong><\/p>\n<p><strong> <\/strong>Cette information est fournie conform\u00e9ment au R\u00e8glement (UE) 2016\/679 et au D\u00e9cret l\u00e9gislatif 196\/2003 modifi\u00e9, concernant l\u2019utilisateur (\u00ab personne concern\u00e9e \u00bb) naviguant sur le site www.visitsandaniele.it (ci-apr\u00e8s \u00ab SITE \u00bb).  <\/p>\n<p><strong>RESPONSABLE DU TRAITEMENT<\/strong><\/p>\n<p>Le responsable du traitement est la <strong>Fondazione San Daniele<\/strong>, dont le si\u00e8ge est situ\u00e9 Via Ippolito Nievo 19, 33038 San Daniele del Friuli (UD), Italie.<\/p>\n<p>Coordonn\u00e9es<\/p>\n<p>Email:<a href=\"mailto:info@visitsandaniele.it\"> info@visitsandaniele.it<\/a><\/p>\n<p>Tel:+39 0432\/957515<\/p>\n<p><strong>PORT\u00c9E ET FINALIT\u00c9S DU TRAITEMENT<\/strong><\/p>\n<p>Ces informations sont fournies exclusivement pour ce SITE et non pour d&rsquo;autres sites web externes accessibles via des liens pr\u00e9sents sur les pages du SITE, qui renvoient vers des domaines diff\u00e9rents et dont la <strong>Fondazione San Daniele<\/strong> n&rsquo;est pas responsable.<\/p>\n<p>Les cat\u00e9gories de donn\u00e9es collect\u00e9es sont les suivantes :<\/p>\n<ol>\n<li>donn\u00e9es collect\u00e9es automatiquement par le biais de \u00ab <a href=\"https:\/\/visitsandaniele.it\/fr\/politique-de-cookies\/\"><strong><em>cookies <\/em><\/strong><\/a>\u00bb (voir les informations relatives \u00e0 la \u00ab Politique en mati\u00e8re de cookies \u00bb) pr\u00e9sents sur ce SITE, afin de permettre son bon fonctionnement ;<\/li>\n<li>donn\u00e9es fournies volontairement dans le \u00ab formulaire de contact et de signalement \u00bb (coordonn\u00e9es : nom, adresse \u00e9lectronique).<\/li>\n<\/ol>\n<p>Outre les donn\u00e9es de navigation, l&rsquo;utilisateur peut librement fournir des donn\u00e9es personnelles via le formulaire de contact et de signalement pour recevoir des informations ou envoyer des signalements. \u00c0 d\u00e9faut, il est possible que vous ne receviez aucune r\u00e9ponse. Par ailleurs, il convient de pr\u00e9ciser que, dans certains cas (non couverts par la gestion courante de ce site), l&rsquo;autorit\u00e9 comp\u00e9tente peut demander des informations \u00e0 des fins de contr\u00f4le du traitement des donn\u00e9es personnelles. Dans ces cas, la r\u00e9ponse est obligatoire sous peine de sanctions administratives.   <\/p>\n<p><strong>BASE JURIDIQUE<\/strong><\/p>\n<p>La base juridique du traitement des donn\u00e9es de navigation (a) repose sur l\u2019int\u00e9r\u00eat l\u00e9gitime de la Fondazione San Daniele \u00e0 vous permettre d\u2019utiliser correctement le Site.<\/p>\n<p>La communication des coordonn\u00e9es est volontaire et le traitement des donn\u00e9es repose sur le consentement.<\/p>\n<p><strong>DESTINATAIRES DES DONN\u00c9ES<\/strong><\/p>\n<p>Les informations de contact fournies sont g\u00e9r\u00e9es exclusivement par la <strong>Fondazione San Daniele.<\/strong><\/p>\n<p>Aucune donn\u00e9e issue de la navigation sur le SITE n&rsquo;est communiqu\u00e9e ou divulgu\u00e9e \u00e0 des tiers dont les actions ne sont pas li\u00e9es \u00e0 la gestion, au fonctionnement ou au contr\u00f4le des op\u00e9rations du SITE lui-m\u00eame.<\/p>\n<p>Aucun transfert de donn\u00e9es n&rsquo;est effectu\u00e9 \u00e0 l&rsquo;\u00e9tranger.<\/p>\n<p><strong id=\"trat_mod_contatt\">Confidentialit\u00e9 &#8211; Donn\u00e9es fournies pour le \u00ab formulaire de contact et de signalement \u00bb<\/strong><\/p>\n<p>Conform\u00e9ment \u00e0 la l\u00e9gislation en vigueur relative \u00e0 la protection des donn\u00e9es personnelles, \u00e0 savoir le d\u00e9cret l\u00e9gislatif n\u00b0 196\/2003 et ses modifications ult\u00e9rieures, ainsi que le r\u00e8glement (UE) 679\/16 et ses modifications ult\u00e9rieures.  <\/p>\n<p>La Fondazione San Daniele, responsable du traitement des donn\u00e9es, collecte vos informations (nom, pr\u00e9nom, adresse \u00e9lectronique) afin de pouvoir vous r\u00e9pondre. Aucune autre donn\u00e9e que celles que vous fournissez volontairement ne sera demand\u00e9e, collect\u00e9e ou trait\u00e9e. <\/p>\n<p>Le fondement juridique du traitement est le consentement.<\/p>\n<p>Les donn\u00e9es collect\u00e9es seront trait\u00e9es sur support papier, informatique ou \u00e9lectronique, puis trait\u00e9es et conserv\u00e9es pendant la dur\u00e9e n\u00e9cessaire aux fins pour lesquelles elles ont \u00e9t\u00e9 collect\u00e9es.<\/p>\n<p>Les donn\u00e9es ne seront en aucun cas divulgu\u00e9es \u00e0 des tiers, ni transf\u00e9r\u00e9es \u00e0 l&rsquo;ext\u00e9rieur, ni diffus\u00e9es.<\/p>\n<p>La fourniture des donn\u00e9es personnelles d\u00e9crites ci-dessus est facultative.<\/p>\n<p>Pour exercer vos droits, vous pouvez contacter la Fondazione San Daniele (Via I. Nievo 19, 33038 San Daniele del Friuli (UD), Italie \u2013 ou<a href=\"mailto:info@visitsandaniele.it\"> info@fondazionesandaniele.it<\/a>).<\/p>\n<p>De plus, vous avez le droit de d\u00e9poser une plainte aupr\u00e8s d&rsquo;une autorit\u00e9 de surveillance.<\/p>\n<p><strong>MODALIT\u00c9S DE TRAITEMENT<\/strong><\/p>\n<p>Traitement automatis\u00e9 et\/ou manuel avec des mesures de s\u00e9curit\u00e9 appropri\u00e9es.<\/p>\n<p><strong>DUR\u00c9E DE CONSERVATION<\/strong><\/p>\n<p>Conform\u00e9ment \u00e0 la l\u00e9gislation applicable, les donn\u00e9es personnelles collect\u00e9es seront conserv\u00e9es sous une forme permettant l&rsquo;identification des personnes concern\u00e9es pendant la dur\u00e9e n\u00e9cessaire \u00e0 la r\u00e9alisation des finalit\u00e9s du traitement pour lesquelles elles ont \u00e9t\u00e9 collect\u00e9es et d&rsquo;autres finalit\u00e9s autoris\u00e9es et connexes ou conform\u00e9ment aux dispositions de la l\u00e9gislation applicable.<\/p>\n<p>Les donn\u00e9es recueillies lors de la navigation sont trait\u00e9es pour permettre le fonctionnement du site et sont stock\u00e9es exclusivement pendant la dur\u00e9e de la session de navigation. Elles ne sont pas conserv\u00e9es. <\/p>\n<p>Les donn\u00e9es personnelles fournies volontairement par les utilisateurs (demandes de renseignements, envoi de rapports) sont conserv\u00e9es pendant la p\u00e9riode n\u00e9cessaire au traitement de la demande soumise et ne sont pas stock\u00e9es.<\/p>\n<p><strong>DROITS DES PERSONNES CONCERN\u00c9ES<\/strong><\/p>\n<p>En tant que partie int\u00e9ress\u00e9e, vous avez le droit de d\u00e9poser une plainte aupr\u00e8s de l&rsquo;Autorit\u00e9 de surveillance et de faire valoir vos droits en envoyant un courriel \u00e0<a href=\"mailto:info@visitsandaniele.it\"> info@visitsandaniele.it<\/a> ou en \u00e9crivant au bureau de la <strong>Fondazione San Daniele<\/strong> indiqu\u00e9 ci-dessus.<\/p>\n<p><strong>DROITS D\u2019AUTEUR <\/strong><\/p>\n<p>Le site contient des textes, des documents, des images et des vid\u00e9os cr\u00e9\u00e9s par la Fondation San Daniele, propri\u00e9taire du domaine www.visitsandaniele.it (seul propri\u00e9taire des droits sur ces documents et responsable de leur contenu), et accessibles \u00e0 tous.<\/p>\n<p>Les citations sont autoris\u00e9es, dans les limites du droit d&rsquo;auteur, \u00e0 condition qu&rsquo;elles soient accompagn\u00e9es de la mention de la source \u00ab Fondazione San Daniele \u00bb et de l&rsquo;adresse web correspondante.<\/p>\n<p>L&rsquo;inclusion du lien www.visitsandaniele.it doit \u00eatre demand\u00e9e au pr\u00e9alable en envoyant un courriel \u00e0 <a href=\"mailto:info@visitsandaniele.it\">info@visitsandaniele.it<\/a>[\/vc_column_text][\/vc_column][\/vc_row]<\/p>\n<\/div>","protected":false},"excerpt":{"rendered":"<p>[vc_row][vc_column][vc_column_text css=\u00a0\u00bb\u00a0\u00bb css_params=\u00a0\u00bb\u00a0\u00bb]INFORMATION SUR LE TRAITEMENT DES DONN\u00c9ES PERSONNELLES Cette information est fournie conform\u00e9ment au R\u00e8glement (UE) 2016\/679 et au D\u00e9cret l\u00e9gislatif 196\/2003 modifi\u00e9, concernant l\u2019utilisateur (\u00ab personne concern\u00e9e \u00bb) naviguant sur le site www.visitsandaniele.it (ci-apr\u00e8s \u00ab SITE \u00bb). RESPONSABLE DU TRAITEMENT Le responsable du traitement est la Fondazione San Daniele, dont le si\u00e8ge est [&hellip;]<\/p>\n","protected":false},"author":1,"featured_media":0,"parent":0,"menu_order":0,"comment_status":"closed","ping_status":"closed","template":"","meta":{"footnotes":""},"class_list":["post-5988","page","type-page","status-publish","hentry"],"_links":{"self":[{"href":"https:\/\/visitsandaniele.it\/fr\/wp-json\/wp\/v2\/pages\/5988","targetHints":{"allow":["GET"]}}],"collection":[{"href":"https:\/\/visitsandaniele.it\/fr\/wp-json\/wp\/v2\/pages"}],"about":[{"href":"https:\/\/visitsandaniele.it\/fr\/wp-json\/wp\/v2\/types\/page"}],"author":[{"embeddable":true,"href":"https:\/\/visitsandaniele.it\/fr\/wp-json\/wp\/v2\/users\/1"}],"replies":[{"embeddable":true,"href":"https:\/\/visitsandaniele.it\/fr\/wp-json\/wp\/v2\/comments?post=5988"}],"version-history":[{"count":0,"href":"https:\/\/visitsandaniele.it\/fr\/wp-json\/wp\/v2\/pages\/5988\/revisions"}],"wp:attachment":[{"href":"https:\/\/visitsandaniele.it\/fr\/wp-json\/wp\/v2\/media?parent=5988"}],"curies":[{"name":"wp","href":"https:\/\/api.w.org\/{rel}","templated":true}]}}